{"id":8990,"date":"2023-07-11T13:24:21","date_gmt":"2023-07-11T13:24:21","guid":{"rendered":"https:\/\/rezepte-glutenfrei.de\/shop\/?post_type=product&#038;p=8990"},"modified":"2026-04-13T19:05:04","modified_gmt":"2026-04-13T19:05:04","slug":"meine-glutenfreien-blechkuchen","status":"publish","type":"product","link":"https:\/\/rezepte-glutenfrei.de\/shop\/product\/meine-glutenfreien-blechkuchen\/","title":{"rendered":"Meine glutenfreien Blechkuchen"},"content":{"rendered":"<div class=\"description producttitel detailheadline noRating\">\n<p>\u00bbKommt ihr zum Kuchenessen?\u00ab \u2013 \u00bbAber bei euch gibt es doch immer nur glutenfrei!\u00ab Nur glutenfrei? Mit Tanja Grubers wunderbaren Kreationen wird niemand mehr von \u00bbnur\u00ab glutenfrei sprechen! \u00dcber 50 Rezepte f\u00fcr einfache und schnelle, besondere und auff\u00e4llige, herzhafte und gl\u00fccklich machende Blechkuchen hat Deutschlands bekannteste Glutenfrei- Bloggerin zusammengestellt. Ein Geschenk f\u00fcr alle, die unter Z\u00f6liakie oder Weizensensitivit\u00e4t leiden. So kommen wieder alle gemeinsam an einen Tisch!<\/p>\n<\/div>\n<div class=\"description fulldesc\">\n<div class=\"detailEntryText\">Alle Rezepte sind zudem mit Alternativprodukten f\u00fcr eine milcheiwei\u00dffreie Zubereitung ausgestattet.<\/div>\n<\/div>\n<p><strong>Aus dem Inhalt:<\/strong><br \/>\n&#8211; <strong>Mehr als 50 s\u00fc\u00dfe und herzhafte Rezepte<\/strong> mit Geling-Garantie<br \/>\n&#8211; <strong>Das erste glutenfreie Blechkuchen-Buch<\/strong><br \/>\n&#8211; <strong>Theorieteil<\/strong>\u00a0mit hilfreichen Tipps und Infos zur glutenfreien Kuchen- und Tortenb\u00e4ckerei<br \/>\n&#8211; <strong>Alle Rezepte<\/strong>, bis auf die Grundrezepte, sind mit\u00a0<strong>zauberhaften Bildern<\/strong>\u00a0ausgestattet<\/p>\n<p>Autor: Tanja Gruber<br \/>\nSeiten: 160, durchgehend farbig<br \/>\nISBN: 978-3-7088-0835-2<br \/>\nTyp: Hardcover<\/p>\n<p>Weitere Infos zum Buch sind <a href=\"https:\/\/www.styriabooks.at\/meine-glutenfreien-blechkuchen\" target=\"_blank\" rel=\"noopener\">HIER<\/a> notiert.<\/p>\n","protected":false},"excerpt":{"rendered":"<p>\u00bbKommt ihr zum Kuchenessen?\u00ab \u2013 \u00bbAber bei euch gibt es doch immer nur glutenfrei!\u00ab Nur glutenfrei? Mit Tanja Grubers wunderbaren Kreationen wird niemand mehr von \u00bbnur\u00ab glutenfrei sprechen! \u00dcber 50 Rezepte f\u00fcr einfache und schnelle, besondere und auff\u00e4llige, herzhafte und gl\u00fccklich machende Blechkuchen hat Deutschlands bekannteste Glutenfrei- Bloggerin zusammengestellt. Ein Geschenk f\u00fcr alle, die unter &hellip; <a href=\"https:\/\/rezepte-glutenfrei.de\/shop\/product\/meine-glutenfreien-blechkuchen\/\" class=\"more-link\">Continue reading <span class=\"screen-reader-text\">Meine glutenfreien Blechkuchen<\/span><\/a><\/p>\n","protected":false},"featured_media":8991,"comment_status":"open","ping_status":"closed","template":"","meta":{"_acf_changed":false},"product_brand":[],"product_cat":[88],"product_tag":[],"class_list":{"0":"post-8990","1":"product","2":"type-product","3":"status-publish","4":"has-post-thumbnail","6":"product_cat-buecher","8":"first","9":"instock","10":"taxable","11":"shipping-taxable","12":"purchasable","13":"product-type-simple"},"acf":[],"_links":{"self":[{"href":"https:\/\/rezepte-glutenfrei.de\/shop\/wp-json\/wp\/v2\/product\/8990","targetHints":{"allow":["GET"]}}],"collection":[{"href":"https:\/\/rezepte-glutenfrei.de\/shop\/wp-json\/wp\/v2\/product"}],"about":[{"href":"https:\/\/rezepte-glutenfrei.de\/shop\/wp-json\/wp\/v2\/types\/product"}],"replies":[{"embeddable":true,"href":"https:\/\/rezepte-glutenfrei.de\/shop\/wp-json\/wp\/v2\/comments?post=8990"}],"wp:featuredmedia":[{"embeddable":true,"href":"https:\/\/rezepte-glutenfrei.de\/shop\/wp-json\/wp\/v2\/media\/8991"}],"wp:attachment":[{"href":"https:\/\/rezepte-glutenfrei.de\/shop\/wp-json\/wp\/v2\/media?parent=8990"}],"wp:term":[{"taxonomy":"product_brand","embeddable":true,"href":"https:\/\/rezepte-glutenfrei.de\/shop\/wp-json\/wp\/v2\/product_brand?post=8990"},{"taxonomy":"product_cat","embeddable":true,"href":"https:\/\/rezepte-glutenfrei.de\/shop\/wp-json\/wp\/v2\/product_cat?post=8990"},{"taxonomy":"product_tag","embeddable":true,"href":"https:\/\/rezepte-glutenfrei.de\/shop\/wp-json\/wp\/v2\/product_tag?post=8990"}],"curies":[{"name":"wp","href":"https:\/\/api.w.org\/{rel}","templated":true}]}}