{"id":8884,"date":"2023-07-04T12:32:23","date_gmt":"2023-07-04T12:32:23","guid":{"rendered":"https:\/\/rezepte-glutenfrei.de\/shop\/?post_type=product&#038;p=8884"},"modified":"2026-04-14T08:58:01","modified_gmt":"2026-04-14T08:58:01","slug":"glutenfreie-mehlmischung-universal-1kg-tanjas-glutenfrei","status":"publish","type":"product","link":"https:\/\/rezepte-glutenfrei.de\/shop\/product\/glutenfreie-mehlmischung-universal-1kg-tanjas-glutenfrei\/","title":{"rendered":"Glutenfreie Mehlmischung UNIVERSAL 1kg &#8211; Tanjas glutenfrei"},"content":{"rendered":"<p><strong>Meine liebste Mischung &#8211; UNIVERSAL von <em>Tanjas glutenfrei<\/em>, glutenfrei &amp; vegan<\/strong><\/p>\n<p>Sie m\u00f6chten schnell und einfach schmackhafte, maisfreie Basisteige wie <strong>M\u00fcrbeteig, Biskuit, R\u00fchr- und Brandteig, aber auch Teige f\u00fcr Waffeln &amp; Pancakes <\/strong>\u00a0zubereiten? Mit der Mehlmischung UNIVERSAL von Tanjas glutenfrei gelingt dies bestens! Das besondere an dieser Mischung: <strong>das Bindemittel Xanthan ist bereits enthalten<\/strong>! So ist beim M\u00fcrbeteig eine zus\u00e4tzlich Zugabe von Xanthan nicht mehr n\u00f6tig.<\/p>\n<p><strong>Alle Rezepte auf der Website <a href=\"http:\/\/www.rezepte-glutenfrei.de\" target=\"_blank\" rel=\"noopener\">www.rezepte-glutenfrei.de<\/a>, bei welchen eine &#8220;helle glutenfreie Mehlmischung auf Reis\/Kartoffelbasis&#8221; n\u00f6tig ist, k\u00f6nnen Sie mit dieser Mischung bestens 1:1 zubereiten. Au\u00dferdem k\u00f6nnen Sie bei glutenhaltigen R\u00fchrteigrezepten den Mehlanteil ebenfalls 1:1 durch diese glutenfreie Universalmehlmischung austauschen.<\/strong><\/p>\n<p>Die Mehlmischung ist frei von Mais, glutenfreier Weizenst\u00e4rke, glutenfreien Hafer, Soja und Lupine &#8211; zudem frei von Milchbestandteilen und vegan.<\/p>\n<p><strong>Zutaten der Backmischung:<\/strong> Reismehl, Kartoffelst\u00e4rke, Tapiokast\u00e4rke, Verdickungsmittel: Xanthan.<\/p>\n<p><strong>Inhalt:<\/strong> 1 kg<\/p>\n<p><b>F\u00fcr weitere Angaben gem. der\u00a0<a href=\"https:\/\/www.lebensmittelverband.de\/de\/lebensmittel\/kennzeichnung\/lebensmittelinformationsverordnung\" target=\"_blank\" rel=\"noopener\">Lebensmittel-Informationsverordnung (LMIV) <\/a>klicken Sie bitte auf die Bilder:<\/b><\/p>\n<p>&nbsp;<\/p>\n<p><a href=\"https:\/\/rezepte-glutenfrei.de\/shop\/wp-content\/uploads\/2023\/07\/Universal-Seite-1.jpg\"><img loading=\"lazy\" decoding=\"async\" class=\"alignnone wp-image-8887 size-medium\" src=\"https:\/\/rezepte-glutenfrei.de\/shop\/wp-content\/uploads\/2023\/07\/Universal-Seite-1-146x272.jpg\" alt=\"\" width=\"146\" height=\"272\" \/><\/a>\u00a0 <a href=\"https:\/\/rezepte-glutenfrei.de\/shop\/wp-content\/uploads\/2023\/07\/Universal-Seite-2.jpg\"><img loading=\"lazy\" decoding=\"async\" class=\"alignnone wp-image-8888 size-medium\" src=\"https:\/\/rezepte-glutenfrei.de\/shop\/wp-content\/uploads\/2023\/07\/Universal-Seite-2-145x272.jpg\" alt=\"\" width=\"145\" height=\"272\" \/><\/a><\/p>\n<p>Information zur Produktlagerung: Bitte k\u00fchl und trocken lagern.<br \/>\n<i>Verantwortlicher Lebensmittelunternehmer:<\/i> Tanja Gruber, Am Weinberg 7, 91567 Herrieden, Deutschland<\/p>\n","protected":false},"excerpt":{"rendered":"<p>Meine liebste Mischung &#8211; UNIVERSAL von Tanjas glutenfrei, glutenfrei &amp; vegan Sie m\u00f6chten schnell und einfach schmackhafte, maisfreie Basisteige wie M\u00fcrbeteig, Biskuit, R\u00fchr- und Brandteig, aber auch Teige f\u00fcr Waffeln &amp; Pancakes \u00a0zubereiten? Mit der Mehlmischung UNIVERSAL von Tanjas glutenfrei gelingt dies bestens! Das besondere an dieser Mischung: das Bindemittel Xanthan ist bereits enthalten! So &hellip; <a href=\"https:\/\/rezepte-glutenfrei.de\/shop\/product\/glutenfreie-mehlmischung-universal-1kg-tanjas-glutenfrei\/\" class=\"more-link\">Continue reading <span class=\"screen-reader-text\">Glutenfreie Mehlmischung UNIVERSAL 1kg &#8211; Tanjas glutenfrei<\/span><\/a><\/p>\n","protected":false},"featured_media":17715,"comment_status":"open","ping_status":"closed","template":"","meta":{"_acf_changed":false},"product_brand":[],"product_cat":[119,174],"product_tag":[],"class_list":{"0":"post-8884","1":"product","2":"type-product","3":"status-publish","4":"has-post-thumbnail","6":"product_cat-backmischungen","7":"product_cat-universalmehlmischung","9":"first","10":"instock","11":"taxable","12":"shipping-taxable","13":"purchasable","14":"product-type-simple"},"acf":[],"_links":{"self":[{"href":"https:\/\/rezepte-glutenfrei.de\/shop\/wp-json\/wp\/v2\/product\/8884","targetHints":{"allow":["GET"]}}],"collection":[{"href":"https:\/\/rezepte-glutenfrei.de\/shop\/wp-json\/wp\/v2\/product"}],"about":[{"href":"https:\/\/rezepte-glutenfrei.de\/shop\/wp-json\/wp\/v2\/types\/product"}],"replies":[{"embeddable":true,"href":"https:\/\/rezepte-glutenfrei.de\/shop\/wp-json\/wp\/v2\/comments?post=8884"}],"wp:featuredmedia":[{"embeddable":true,"href":"https:\/\/rezepte-glutenfrei.de\/shop\/wp-json\/wp\/v2\/media\/17715"}],"wp:attachment":[{"href":"https:\/\/rezepte-glutenfrei.de\/shop\/wp-json\/wp\/v2\/media?parent=8884"}],"wp:term":[{"taxonomy":"product_brand","embeddable":true,"href":"https:\/\/rezepte-glutenfrei.de\/shop\/wp-json\/wp\/v2\/product_brand?post=8884"},{"taxonomy":"product_cat","embeddable":true,"href":"https:\/\/rezepte-glutenfrei.de\/shop\/wp-json\/wp\/v2\/product_cat?post=8884"},{"taxonomy":"product_tag","embeddable":true,"href":"https:\/\/rezepte-glutenfrei.de\/shop\/wp-json\/wp\/v2\/product_tag?post=8884"}],"curies":[{"name":"wp","href":"https:\/\/api.w.org\/{rel}","templated":true}]}}