{"id":8645,"date":"2023-06-13T06:31:02","date_gmt":"2023-06-13T06:31:02","guid":{"rendered":"https:\/\/rezepte-glutenfrei.de\/shop\/?post_type=product&#038;p=8645"},"modified":"2026-03-21T17:13:09","modified_gmt":"2026-03-21T17:13:09","slug":"flohsalux-flohsamenschalenpulver-300g","status":"publish","type":"product","link":"https:\/\/rezepte-glutenfrei.de\/shop\/product\/flohsalux-flohsamenschalenpulver-300g\/","title":{"rendered":"Flohsalux Flohsamenschalenpulver 300g MHD 10\/2027"},"content":{"rendered":"<p>Das Flohsamenschalenpulver von Flohsalux zeichnet sich durch seine reine, hochwertige und pulverisierte Form aus. Hergestellt aus der indischen Pflanze Plantago ovata ist das Produkt ein ideales Binde- und Verdickungsmittel f\u00fcr die glutenfreie B\u00e4ckerei. Flohsamenschalenpulver besitzt eine sehr hohe Eigenschaft Fl\u00fcssigkeit zu binden und sorgt so f\u00fcr saftige und elastische Backergebnisse. Auch in Smoothies oder Bratlingen ist das Produkt prima. Das Produkt ist geschmacksneutral und zeichnet sich zudem f\u00fcr seinen hohen Ballaststoffgehalt aus.<br \/>\nSie m\u00f6chten mehr \u00fcber die Flohsamenschalenpulver wissen? Schauen Sie gerne <a href=\"https:\/\/www.rezepte-glutenfrei.de\/flohsamenschalen\/\" target=\"_blank\" rel=\"noopener\">HIER<\/a>.<\/p>\n<p><strong>Zutaten:<\/strong> 100% indische Flohsamenschalen<\/p>\n<p><strong>Inhalt:<\/strong> 300g<\/p>\n<p><strong>Lagerung:<\/strong> Trocken bei Zimmertemperatur lagern. F\u00fcr Kinder unzug\u00e4nglich aufbewahren.<\/p>\n<p><b>F\u00fcr weitere Angaben gem. der\u00a0<a href=\"https:\/\/www.lebensmittelverband.de\/de\/lebensmittel\/kennzeichnung\/lebensmittelinformationsverordnung\" target=\"_blank\" rel=\"noopener\">Lebensmittel-Informationsverordnung (LMIV) <\/a>klicken Sie bitte auf die Bilder:<\/b><\/p>\n<p><a href=\"https:\/\/rezepte-glutenfrei.de\/shop\/wp-content\/uploads\/2023\/06\/Flohsalux-.jpg\"><img loading=\"lazy\" decoding=\"async\" class=\"alignnone wp-image-8647 size-medium\" src=\"https:\/\/rezepte-glutenfrei.de\/shop\/wp-content\/uploads\/2023\/06\/Flohsalux--470x236.jpg\" alt=\"\" width=\"470\" height=\"236\" \/><\/a><\/p>\n<p><i>Verantwortlicher Lebensmittelunternehmer:<\/i> Trio Pharma ApS<\/p>\n","protected":false},"excerpt":{"rendered":"<p>Das Flohsamenschalenpulver von Flohsalux zeichnet sich durch seine reine, hochwertige und pulverisierte Form aus. Hergestellt aus der indischen Pflanze Plantago ovata ist das Produkt ein ideales Binde- und Verdickungsmittel f\u00fcr die glutenfreie B\u00e4ckerei. Flohsamenschalenpulver besitzt eine sehr hohe Eigenschaft Fl\u00fcssigkeit zu binden und sorgt so f\u00fcr saftige und elastische Backergebnisse. Auch in Smoothies oder Bratlingen &hellip; <a href=\"https:\/\/rezepte-glutenfrei.de\/shop\/product\/flohsalux-flohsamenschalenpulver-300g\/\" class=\"more-link\">Continue reading <span class=\"screen-reader-text\">Flohsalux Flohsamenschalenpulver 300g MHD 10\/2027<\/span><\/a><\/p>\n","protected":false},"featured_media":8648,"comment_status":"open","ping_status":"closed","template":"","meta":{"_acf_changed":false},"product_brand":[],"product_cat":[173],"product_tag":[],"class_list":{"0":"post-8645","1":"product","2":"type-product","3":"status-publish","4":"has-post-thumbnail","6":"product_cat-flohsamenschalenpulver","8":"first","9":"outofstock","10":"taxable","11":"shipping-taxable","12":"purchasable","13":"product-type-simple"},"acf":[],"_links":{"self":[{"href":"https:\/\/rezepte-glutenfrei.de\/shop\/wp-json\/wp\/v2\/product\/8645","targetHints":{"allow":["GET"]}}],"collection":[{"href":"https:\/\/rezepte-glutenfrei.de\/shop\/wp-json\/wp\/v2\/product"}],"about":[{"href":"https:\/\/rezepte-glutenfrei.de\/shop\/wp-json\/wp\/v2\/types\/product"}],"replies":[{"embeddable":true,"href":"https:\/\/rezepte-glutenfrei.de\/shop\/wp-json\/wp\/v2\/comments?post=8645"}],"wp:featuredmedia":[{"embeddable":true,"href":"https:\/\/rezepte-glutenfrei.de\/shop\/wp-json\/wp\/v2\/media\/8648"}],"wp:attachment":[{"href":"https:\/\/rezepte-glutenfrei.de\/shop\/wp-json\/wp\/v2\/media?parent=8645"}],"wp:term":[{"taxonomy":"product_brand","embeddable":true,"href":"https:\/\/rezepte-glutenfrei.de\/shop\/wp-json\/wp\/v2\/product_brand?post=8645"},{"taxonomy":"product_cat","embeddable":true,"href":"https:\/\/rezepte-glutenfrei.de\/shop\/wp-json\/wp\/v2\/product_cat?post=8645"},{"taxonomy":"product_tag","embeddable":true,"href":"https:\/\/rezepte-glutenfrei.de\/shop\/wp-json\/wp\/v2\/product_tag?post=8645"}],"curies":[{"name":"wp","href":"https:\/\/api.w.org\/{rel}","templated":true}]}}