{"id":8348,"date":"2023-05-22T08:53:52","date_gmt":"2023-05-22T08:53:52","guid":{"rendered":"https:\/\/rezepte-glutenfrei.de\/shop\/?post_type=product&#038;p=8348"},"modified":"2026-05-11T00:31:41","modified_gmt":"2026-05-11T00:31:41","slug":"bucatini-le-asolane-italienische-maisnudeln-mit-ballaststoffen-250g","status":"publish","type":"product","link":"https:\/\/rezepte-glutenfrei.de\/shop\/product\/bucatini-le-asolane-italienische-maisnudeln-mit-ballaststoffen-250g\/","title":{"rendered":"BUCATINI Le Asolane italienische Maisnudeln mit Ballaststoffen 250g"},"content":{"rendered":"<p>Die original italienischen glutenfreien Nudeln von Molino di Ferro \u00fcberzeugen durch die perfekte Kocheigenschaft und den guten Geschmack und sind angereichert mit pflanzlichen Ballaststoffen wie Pflanzenfasern und Inulin. Die langen R\u00f6hrennudeln eignen sich f\u00fcr Aufl\u00e4ufe bestens, aber auch zu beispielsweise Bolognese-So\u00dfe schmecken Bucatini k\u00f6stlich.<\/p>\n<p><strong>Inhalt:<\/strong> 250g<\/p>\n<p><strong>Zutaten:<\/strong> Maismehl (96,9%), pflanzliche Ballaststoffe (1,5%), Ballaststoffe: Inulin (1,5%), Emulgator: Mono- und Diglyceride von Fetts\u00e4uren pflanzlichen Ursprungs<\/p>\n<p><strong>Information zur Kochzeit: <\/strong>9 &#8211; 10 Minuten<\/p>\n<p><strong>Aufbewahrungshinweis:<\/strong> K\u00fchl, trocken und lichtgesch\u00fctzt lagern.<\/p>\n<p><strong>Ursprungsland\/Herkunft:<\/strong> Italien<\/p>\n<p><strong>Verantwortlicher Lebensmittelunternehmer:<\/strong> Molino di Ferro Spa, 31050 Vedelago, Italien<\/p>\n<p><b>F\u00fcr weitere Angaben gem. der\u00a0<a href=\"https:\/\/www.lebensmittelverband.de\/de\/lebensmittel\/kennzeichnung\/lebensmittelinformationsverordnung\" target=\"_blank\" rel=\"noopener\">Lebensmittel-Informationsverordnung (LMIV)<\/a> klicken Sie bitte auf die Bilder:<\/b><\/p>\n<p><a href=\"https:\/\/rezepte-glutenfrei.de\/shop\/wp-content\/uploads\/2023\/05\/Bucattini.jpg\"><img loading=\"lazy\" decoding=\"async\" class=\"alignnone wp-image-8432 size-medium\" src=\"https:\/\/rezepte-glutenfrei.de\/shop\/wp-content\/uploads\/2023\/05\/Bucattini-470x137.jpg\" alt=\"\" width=\"470\" height=\"137\" \/><\/a><\/p>\n","protected":false},"excerpt":{"rendered":"<p>Die original italienischen glutenfreien Nudeln von Molino di Ferro \u00fcberzeugen durch die perfekte Kocheigenschaft und den guten Geschmack und sind angereichert mit pflanzlichen Ballaststoffen wie Pflanzenfasern und Inulin. Die langen R\u00f6hrennudeln eignen sich f\u00fcr Aufl\u00e4ufe bestens, aber auch zu beispielsweise Bolognese-So\u00dfe schmecken Bucatini k\u00f6stlich. Inhalt: 250g Zutaten: Maismehl (96,9%), pflanzliche Ballaststoffe (1,5%), Ballaststoffe: Inulin (1,5%), &hellip; <a href=\"https:\/\/rezepte-glutenfrei.de\/shop\/product\/bucatini-le-asolane-italienische-maisnudeln-mit-ballaststoffen-250g\/\" class=\"more-link\">Continue reading <span class=\"screen-reader-text\">BUCATINI Le Asolane italienische Maisnudeln mit Ballaststoffen 250g<\/span><\/a><\/p>\n","protected":false},"featured_media":8431,"comment_status":"open","ping_status":"closed","template":"","meta":{"_acf_changed":false},"product_brand":[],"product_cat":[172],"product_tag":[],"class_list":{"0":"post-8348","1":"product","2":"type-product","3":"status-publish","4":"has-post-thumbnail","6":"product_cat-nudeln","8":"first","9":"instock","10":"taxable","11":"shipping-taxable","12":"purchasable","13":"product-type-simple"},"acf":[],"_links":{"self":[{"href":"https:\/\/rezepte-glutenfrei.de\/shop\/wp-json\/wp\/v2\/product\/8348","targetHints":{"allow":["GET"]}}],"collection":[{"href":"https:\/\/rezepte-glutenfrei.de\/shop\/wp-json\/wp\/v2\/product"}],"about":[{"href":"https:\/\/rezepte-glutenfrei.de\/shop\/wp-json\/wp\/v2\/types\/product"}],"replies":[{"embeddable":true,"href":"https:\/\/rezepte-glutenfrei.de\/shop\/wp-json\/wp\/v2\/comments?post=8348"}],"wp:featuredmedia":[{"embeddable":true,"href":"https:\/\/rezepte-glutenfrei.de\/shop\/wp-json\/wp\/v2\/media\/8431"}],"wp:attachment":[{"href":"https:\/\/rezepte-glutenfrei.de\/shop\/wp-json\/wp\/v2\/media?parent=8348"}],"wp:term":[{"taxonomy":"product_brand","embeddable":true,"href":"https:\/\/rezepte-glutenfrei.de\/shop\/wp-json\/wp\/v2\/product_brand?post=8348"},{"taxonomy":"product_cat","embeddable":true,"href":"https:\/\/rezepte-glutenfrei.de\/shop\/wp-json\/wp\/v2\/product_cat?post=8348"},{"taxonomy":"product_tag","embeddable":true,"href":"https:\/\/rezepte-glutenfrei.de\/shop\/wp-json\/wp\/v2\/product_tag?post=8348"}],"curies":[{"name":"wp","href":"https:\/\/api.w.org\/{rel}","templated":true}]}}