{"id":8335,"date":"2023-05-22T08:18:47","date_gmt":"2023-05-22T08:18:47","guid":{"rendered":"https:\/\/rezepte-glutenfrei.de\/shop\/?post_type=product&#038;p=8335"},"modified":"2026-05-10T13:55:10","modified_gmt":"2026-05-10T13:55:10","slug":"rigatoni-le-veneziane-italienische-maisnudeln-250g","status":"publish","type":"product","link":"https:\/\/rezepte-glutenfrei.de\/shop\/product\/rigatoni-le-veneziane-italienische-maisnudeln-250g\/","title":{"rendered":"RIGATONI Le Veneziane italienische Maisnudeln 250g"},"content":{"rendered":"<p>Die original italienischen glutenfreien Nudeln von Molino di Ferro \u00fcberzeugen durch die perfekte Kocheigenschaft und den guten Geschmack. Die Ausformung Rigatoni bietet sich ideal f\u00fcr k\u00f6stliche Rigatoni al forno an.<\/p>\n<p><strong>Inhalt:<\/strong> 250g<\/p>\n<p><strong>Zutaten:<\/strong> Maismehl, Emulgator: Mono- und Diglyceride von Fetts\u00e4uren pflanzlichen Ursprungs.<\/p>\n<p><strong>Information zur Kochzeit:<\/strong> 8 &#8211; 9 Min.<\/p>\n<p><strong>Aufbewahrungshinweis:<\/strong> K\u00fchl, trocken und lichtgesch\u00fctzt lagern.<\/p>\n<p><strong>Ursprungsland\/Herkunft:<\/strong> Italien<\/p>\n<p><strong>Verantwortlicher Lebensmittelunternehmer:<\/strong> Molino di Ferro Spa, 31050 Vedelago, Italien<\/p>\n<p><b>F\u00fcr weitere Angaben gem. der\u00a0<a href=\"https:\/\/www.lebensmittelverband.de\/de\/lebensmittel\/kennzeichnung\/lebensmittelinformationsverordnung\" target=\"_blank\" rel=\"noopener\">Lebensmittel-Informationsverordnung (LMIV)<\/a> klicken Sie bitte auf die Bilder:<\/b><\/p>\n<p><a href=\"https:\/\/rezepte-glutenfrei.de\/shop\/wp-content\/uploads\/2023\/05\/Rigatoni-1.jpg\"><img loading=\"lazy\" decoding=\"async\" class=\"alignnone wp-image-8392 size-medium\" src=\"https:\/\/rezepte-glutenfrei.de\/shop\/wp-content\/uploads\/2023\/05\/Rigatoni-1-176x272.jpg\" alt=\"\" width=\"176\" height=\"272\" \/><\/a><\/p>\n","protected":false},"excerpt":{"rendered":"<p>Die original italienischen glutenfreien Nudeln von Molino di Ferro \u00fcberzeugen durch die perfekte Kocheigenschaft und den guten Geschmack. Die Ausformung Rigatoni bietet sich ideal f\u00fcr k\u00f6stliche Rigatoni al forno an. Inhalt: 250g Zutaten: Maismehl, Emulgator: Mono- und Diglyceride von Fetts\u00e4uren pflanzlichen Ursprungs. Information zur Kochzeit: 8 &#8211; 9 Min. Aufbewahrungshinweis: K\u00fchl, trocken und lichtgesch\u00fctzt lagern. &hellip; <a href=\"https:\/\/rezepte-glutenfrei.de\/shop\/product\/rigatoni-le-veneziane-italienische-maisnudeln-250g\/\" class=\"more-link\">Continue reading <span class=\"screen-reader-text\">RIGATONI Le Veneziane italienische Maisnudeln 250g<\/span><\/a><\/p>\n","protected":false},"featured_media":8336,"comment_status":"open","ping_status":"closed","template":"","meta":{"_acf_changed":false},"product_brand":[],"product_cat":[172],"product_tag":[],"class_list":{"0":"post-8335","1":"product","2":"type-product","3":"status-publish","4":"has-post-thumbnail","6":"product_cat-nudeln","8":"first","9":"instock","10":"taxable","11":"shipping-taxable","12":"purchasable","13":"product-type-simple"},"acf":[],"_links":{"self":[{"href":"https:\/\/rezepte-glutenfrei.de\/shop\/wp-json\/wp\/v2\/product\/8335","targetHints":{"allow":["GET"]}}],"collection":[{"href":"https:\/\/rezepte-glutenfrei.de\/shop\/wp-json\/wp\/v2\/product"}],"about":[{"href":"https:\/\/rezepte-glutenfrei.de\/shop\/wp-json\/wp\/v2\/types\/product"}],"replies":[{"embeddable":true,"href":"https:\/\/rezepte-glutenfrei.de\/shop\/wp-json\/wp\/v2\/comments?post=8335"}],"wp:featuredmedia":[{"embeddable":true,"href":"https:\/\/rezepte-glutenfrei.de\/shop\/wp-json\/wp\/v2\/media\/8336"}],"wp:attachment":[{"href":"https:\/\/rezepte-glutenfrei.de\/shop\/wp-json\/wp\/v2\/media?parent=8335"}],"wp:term":[{"taxonomy":"product_brand","embeddable":true,"href":"https:\/\/rezepte-glutenfrei.de\/shop\/wp-json\/wp\/v2\/product_brand?post=8335"},{"taxonomy":"product_cat","embeddable":true,"href":"https:\/\/rezepte-glutenfrei.de\/shop\/wp-json\/wp\/v2\/product_cat?post=8335"},{"taxonomy":"product_tag","embeddable":true,"href":"https:\/\/rezepte-glutenfrei.de\/shop\/wp-json\/wp\/v2\/product_tag?post=8335"}],"curies":[{"name":"wp","href":"https:\/\/api.w.org\/{rel}","templated":true}]}}