{"id":8333,"date":"2023-05-22T08:14:10","date_gmt":"2023-05-22T08:14:10","guid":{"rendered":"https:\/\/rezepte-glutenfrei.de\/shop\/?post_type=product&#038;p=8333"},"modified":"2026-05-05T09:07:52","modified_gmt":"2026-05-05T09:07:52","slug":"gnocchi-nudeln-le-veneziane-italienische-maisnudeln-250g","status":"publish","type":"product","link":"https:\/\/rezepte-glutenfrei.de\/shop\/product\/gnocchi-nudeln-le-veneziane-italienische-maisnudeln-250g\/","title":{"rendered":"GNOCCHI Nudeln Le Veneziane italienische Maisnudeln 250g"},"content":{"rendered":"<p>Die original italienischen glutenfreien Nudeln von Molino di Ferro \u00fcberzeugen durch die perfekte Kocheigenschaft und den guten Geschmack. Die Ausformung Gnocchi \u00fcberzeugt durch die au\u00dfergew\u00f6hnliche Form und bringen Abwechslung auf den Tisch.<\/p>\n<p><strong>Inhalt:<\/strong> 250g<\/p>\n<p><strong>Zutaten:<\/strong> Maismehl, Emulgator: Mono- und Diglyceride von Fetts\u00e4uren pflanzlichen Ursprungs.<\/p>\n<p><strong>Information zur Kochzeit:<\/strong> 7 &#8211; 8 Min.<\/p>\n<p><strong>Aufbewahrungshinweis:<\/strong> K\u00fchl, trocken und lichtgesch\u00fctzt lagern.<\/p>\n<p><strong>Ursprungsland\/Herkunft:<\/strong> Italien<\/p>\n<p><strong>Verantwortlicher Lebensmittelunternehmer:<\/strong> Molino di Ferro Spa, 31050 Vedelago, Italien<\/p>\n<p><b>F\u00fcr weitere Angaben gem. der\u00a0<a href=\"https:\/\/www.lebensmittelverband.de\/de\/lebensmittel\/kennzeichnung\/lebensmittelinformationsverordnung\" target=\"_blank\" rel=\"noopener\">Lebensmittel-Informationsverordnung (LMIV)<\/a> klicken Sie bitte auf die Bilder:<\/b><\/p>\n<p><a href=\"https:\/\/rezepte-glutenfrei.de\/shop\/wp-content\/uploads\/2023\/05\/Gnocchi-1.jpg\"><img loading=\"lazy\" decoding=\"async\" class=\"alignnone wp-image-8406 size-medium\" src=\"https:\/\/rezepte-glutenfrei.de\/shop\/wp-content\/uploads\/2023\/05\/Gnocchi-1-171x272.jpg\" alt=\"\" width=\"171\" height=\"272\" \/><\/a><\/p>\n","protected":false},"excerpt":{"rendered":"<p>Die original italienischen glutenfreien Nudeln von Molino di Ferro \u00fcberzeugen durch die perfekte Kocheigenschaft und den guten Geschmack. Die Ausformung Gnocchi \u00fcberzeugt durch die au\u00dfergew\u00f6hnliche Form und bringen Abwechslung auf den Tisch. Inhalt: 250g Zutaten: Maismehl, Emulgator: Mono- und Diglyceride von Fetts\u00e4uren pflanzlichen Ursprungs. Information zur Kochzeit: 7 &#8211; 8 Min. Aufbewahrungshinweis: K\u00fchl, trocken und &hellip; <a href=\"https:\/\/rezepte-glutenfrei.de\/shop\/product\/gnocchi-nudeln-le-veneziane-italienische-maisnudeln-250g\/\" class=\"more-link\">Continue reading <span class=\"screen-reader-text\">GNOCCHI Nudeln Le Veneziane italienische Maisnudeln 250g<\/span><\/a><\/p>\n","protected":false},"featured_media":8334,"comment_status":"open","ping_status":"closed","template":"","meta":{"_acf_changed":false},"product_brand":[],"product_cat":[172],"product_tag":[],"class_list":{"0":"post-8333","1":"product","2":"type-product","3":"status-publish","4":"has-post-thumbnail","6":"product_cat-nudeln","8":"first","9":"instock","10":"taxable","11":"shipping-taxable","12":"purchasable","13":"product-type-simple"},"acf":[],"_links":{"self":[{"href":"https:\/\/rezepte-glutenfrei.de\/shop\/wp-json\/wp\/v2\/product\/8333","targetHints":{"allow":["GET"]}}],"collection":[{"href":"https:\/\/rezepte-glutenfrei.de\/shop\/wp-json\/wp\/v2\/product"}],"about":[{"href":"https:\/\/rezepte-glutenfrei.de\/shop\/wp-json\/wp\/v2\/types\/product"}],"replies":[{"embeddable":true,"href":"https:\/\/rezepte-glutenfrei.de\/shop\/wp-json\/wp\/v2\/comments?post=8333"}],"wp:featuredmedia":[{"embeddable":true,"href":"https:\/\/rezepte-glutenfrei.de\/shop\/wp-json\/wp\/v2\/media\/8334"}],"wp:attachment":[{"href":"https:\/\/rezepte-glutenfrei.de\/shop\/wp-json\/wp\/v2\/media?parent=8333"}],"wp:term":[{"taxonomy":"product_brand","embeddable":true,"href":"https:\/\/rezepte-glutenfrei.de\/shop\/wp-json\/wp\/v2\/product_brand?post=8333"},{"taxonomy":"product_cat","embeddable":true,"href":"https:\/\/rezepte-glutenfrei.de\/shop\/wp-json\/wp\/v2\/product_cat?post=8333"},{"taxonomy":"product_tag","embeddable":true,"href":"https:\/\/rezepte-glutenfrei.de\/shop\/wp-json\/wp\/v2\/product_tag?post=8333"}],"curies":[{"name":"wp","href":"https:\/\/api.w.org\/{rel}","templated":true}]}}