{"id":8149,"date":"2023-05-10T08:08:15","date_gmt":"2023-05-10T08:08:15","guid":{"rendered":"https:\/\/rezepte-glutenfrei.de\/shop\/?post_type=product&#038;p=8149"},"modified":"2026-03-09T07:42:56","modified_gmt":"2026-03-09T07:42:56","slug":"lasagne-platten-le-veneziane-250g","status":"publish","type":"product","link":"https:\/\/rezepte-glutenfrei.de\/shop\/product\/lasagne-platten-le-veneziane-250g\/","title":{"rendered":"LASAGNE Platten Le Veneziane 250g"},"content":{"rendered":"<p>Die Lasagneteigplatten von Molino di Ferro lassen sich ohne Vorkochen direkt verarbeiten. So entsteht rasch und einfach k\u00f6stliche glutenfreie Lasagne.<\/p>\n<p><strong>Inhalt:<\/strong> 250g<\/p>\n<p><strong>Zutaten:<\/strong> Maismehl 55%, Reismehl.<\/p>\n<p><strong>Aufbewahrungshinweis:<\/strong> K\u00fchl und trocken lagern.<\/p>\n<p><b>F\u00fcr weitere Angaben gem. der\u00a0<a href=\"https:\/\/www.lebensmittelverband.de\/de\/lebensmittel\/kennzeichnung\/lebensmittelinformationsverordnung\" target=\"_blank\" rel=\"noopener\">Lebensmittel-Informationsverordnung (LMIV)<\/a> klicken Sie bitte auf die Bilder:<\/b><\/p>\n<p><a href=\"https:\/\/rezepte-glutenfrei.de\/shop\/wp-content\/uploads\/2023\/05\/Lasagne-1.jpg\"><img loading=\"lazy\" decoding=\"async\" class=\"alignnone wp-image-8389 size-medium\" src=\"https:\/\/rezepte-glutenfrei.de\/shop\/wp-content\/uploads\/2023\/05\/Lasagne-1-141x272.jpg\" alt=\"\" width=\"141\" height=\"272\" \/><\/a><\/p>\n<p>Verantwortlicher Lebensmittelunternehmer: Molino di Ferro Spa, 31050 Vedelago, Italien<\/p>\n","protected":false},"excerpt":{"rendered":"<p>Die Lasagneteigplatten von Molino di Ferro lassen sich ohne Vorkochen direkt verarbeiten. So entsteht rasch und einfach k\u00f6stliche glutenfreie Lasagne. Inhalt: 250g Zutaten: Maismehl 55%, Reismehl. Aufbewahrungshinweis: K\u00fchl und trocken lagern. F\u00fcr weitere Angaben gem. der\u00a0Lebensmittel-Informationsverordnung (LMIV) klicken Sie bitte auf die Bilder: Verantwortlicher Lebensmittelunternehmer: Molino di Ferro Spa, 31050 Vedelago, Italien<\/p>\n","protected":false},"featured_media":8278,"comment_status":"open","ping_status":"closed","template":"","meta":{"_acf_changed":false},"product_brand":[],"product_cat":[172],"product_tag":[],"class_list":{"0":"post-8149","1":"product","2":"type-product","3":"status-publish","4":"has-post-thumbnail","6":"product_cat-nudeln","8":"first","9":"outofstock","10":"taxable","11":"shipping-taxable","12":"purchasable","13":"product-type-simple"},"acf":[],"_links":{"self":[{"href":"https:\/\/rezepte-glutenfrei.de\/shop\/wp-json\/wp\/v2\/product\/8149","targetHints":{"allow":["GET"]}}],"collection":[{"href":"https:\/\/rezepte-glutenfrei.de\/shop\/wp-json\/wp\/v2\/product"}],"about":[{"href":"https:\/\/rezepte-glutenfrei.de\/shop\/wp-json\/wp\/v2\/types\/product"}],"replies":[{"embeddable":true,"href":"https:\/\/rezepte-glutenfrei.de\/shop\/wp-json\/wp\/v2\/comments?post=8149"}],"wp:featuredmedia":[{"embeddable":true,"href":"https:\/\/rezepte-glutenfrei.de\/shop\/wp-json\/wp\/v2\/media\/8278"}],"wp:attachment":[{"href":"https:\/\/rezepte-glutenfrei.de\/shop\/wp-json\/wp\/v2\/media?parent=8149"}],"wp:term":[{"taxonomy":"product_brand","embeddable":true,"href":"https:\/\/rezepte-glutenfrei.de\/shop\/wp-json\/wp\/v2\/product_brand?post=8149"},{"taxonomy":"product_cat","embeddable":true,"href":"https:\/\/rezepte-glutenfrei.de\/shop\/wp-json\/wp\/v2\/product_cat?post=8149"},{"taxonomy":"product_tag","embeddable":true,"href":"https:\/\/rezepte-glutenfrei.de\/shop\/wp-json\/wp\/v2\/product_tag?post=8149"}],"curies":[{"name":"wp","href":"https:\/\/api.w.org\/{rel}","templated":true}]}}