{"id":7094,"date":"2023-02-22T09:42:40","date_gmt":"2023-02-22T09:42:40","guid":{"rendered":"https:\/\/rezepte-glutenfrei.de\/shop\/?post_type=product&#038;p=7094"},"modified":"2026-04-15T18:21:03","modified_gmt":"2026-04-15T18:21:03","slug":"glutenfreie-semmelbroesel-paniermehl-375g-tanjas-glutenfrei","status":"publish","type":"product","link":"https:\/\/rezepte-glutenfrei.de\/shop\/product\/glutenfreie-semmelbroesel-paniermehl-375g-tanjas-glutenfrei\/","title":{"rendered":"Glutenfreie Semmelbr\u00f6sel\/Paniermehl 375g &#8211; Tanjas glutenfrei"},"content":{"rendered":"<p><b>Glutenfreie Semmelbr\u00f6sel\/Paniermehl von Tanjas glutenfrei.<\/b><\/p>\n<p>Die zarten Semmelbr\u00f6sel eignen sich hervorragend zum Panieren von Fleisch, Fisch und Gem\u00fcse. Au\u00dferdem ist das Produkt die ideale Basis f\u00fcr feine Semmelkl\u00f6\u00dfchen als Suppeneinlage und zum Abbinden von Frikadellen und Hackbraten.<\/p>\n<p><strong>Zutaten:<\/strong> Kartoffelmehl, Reismehl, Tapiokast\u00e4rke, Buchweizenmehl, Teffmehl, Reissauerteig, Psyllium, Raps\u00f6l, pflanz. Fett,, Backtriebmittel: Backhefe, Glucono-delta-lacton, Natriumhydrogencarbonat, Salz, Zucker, Verdickungsmittel: Xanthan, Erbsenprotein, Johannisbrotkernmehl ; B\u00e4ckerlauge. Das Produkt kann produktionsbedingt Spuren von N\u00fcssen oder Schalenfr\u00fcchten enthalten.<\/p>\n<p><strong>Inhalt:<\/strong> 375g<\/p>\n<p><b>F\u00fcr weitere Angaben gem. der\u00a0<a href=\"https:\/\/www.lebensmittelverband.de\/de\/lebensmittel\/kennzeichnung\/lebensmittelinformationsverordnung\" target=\"_blank\" rel=\"noopener\">Lebensmittel-Informationsverordnung (LMIV) <\/a>klicken Sie bitte auf die Bilder:<\/b><\/p>\n<p>&nbsp;<\/p>\n<p><a href=\"https:\/\/rezepte-glutenfrei.de\/shop\/wp-content\/uploads\/2023\/02\/Semmelbroesel-1.jpg\"><img loading=\"lazy\" decoding=\"async\" class=\"alignnone wp-image-7097 size-medium\" src=\"https:\/\/rezepte-glutenfrei.de\/shop\/wp-content\/uploads\/2023\/02\/Semmelbroesel-1-368x272.jpg\" alt=\"\" width=\"368\" height=\"272\" \/><\/a> <a href=\"https:\/\/rezepte-glutenfrei.de\/shop\/wp-content\/uploads\/2023\/02\/Semmelbroesel-2.jpg\"><img loading=\"lazy\" decoding=\"async\" class=\"alignnone wp-image-7098 size-medium\" src=\"https:\/\/rezepte-glutenfrei.de\/shop\/wp-content\/uploads\/2023\/02\/Semmelbroesel-2-366x272.jpg\" alt=\"\" width=\"366\" height=\"272\" \/><\/a><\/p>\n<p>Information zur Produktlagerung: Bitte k\u00fchl und trocken lagern.<br \/>\n<i>Verantwortlicher Lebensmittelunternehmer:<\/i> Tanja Gruber, Am Weinberg 7, 91567 Herrieden, Deutschland<\/p>\n","protected":false},"excerpt":{"rendered":"<p>Glutenfreie Semmelbr\u00f6sel\/Paniermehl von Tanjas glutenfrei. Die zarten Semmelbr\u00f6sel eignen sich hervorragend zum Panieren von Fleisch, Fisch und Gem\u00fcse. Au\u00dferdem ist das Produkt die ideale Basis f\u00fcr feine Semmelkl\u00f6\u00dfchen als Suppeneinlage und zum Abbinden von Frikadellen und Hackbraten. Zutaten: Kartoffelmehl, Reismehl, Tapiokast\u00e4rke, Buchweizenmehl, Teffmehl, Reissauerteig, Psyllium, Raps\u00f6l, pflanz. Fett,, Backtriebmittel: Backhefe, Glucono-delta-lacton, Natriumhydrogencarbonat, Salz, Zucker, Verdickungsmittel: &hellip; <a href=\"https:\/\/rezepte-glutenfrei.de\/shop\/product\/glutenfreie-semmelbroesel-paniermehl-375g-tanjas-glutenfrei\/\" class=\"more-link\">Continue reading <span class=\"screen-reader-text\">Glutenfreie Semmelbr\u00f6sel\/Paniermehl 375g &#8211; Tanjas glutenfrei<\/span><\/a><\/p>\n","protected":false},"featured_media":7099,"comment_status":"open","ping_status":"closed","template":"","meta":{"_acf_changed":false},"product_brand":[],"product_cat":[171],"product_tag":[],"class_list":{"0":"post-7094","1":"product","2":"type-product","3":"status-publish","4":"has-post-thumbnail","6":"product_cat-semmelbroesel-paniermehl","8":"first","9":"instock","10":"taxable","11":"shipping-taxable","12":"purchasable","13":"product-type-simple"},"acf":[],"_links":{"self":[{"href":"https:\/\/rezepte-glutenfrei.de\/shop\/wp-json\/wp\/v2\/product\/7094","targetHints":{"allow":["GET"]}}],"collection":[{"href":"https:\/\/rezepte-glutenfrei.de\/shop\/wp-json\/wp\/v2\/product"}],"about":[{"href":"https:\/\/rezepte-glutenfrei.de\/shop\/wp-json\/wp\/v2\/types\/product"}],"replies":[{"embeddable":true,"href":"https:\/\/rezepte-glutenfrei.de\/shop\/wp-json\/wp\/v2\/comments?post=7094"}],"wp:featuredmedia":[{"embeddable":true,"href":"https:\/\/rezepte-glutenfrei.de\/shop\/wp-json\/wp\/v2\/media\/7099"}],"wp:attachment":[{"href":"https:\/\/rezepte-glutenfrei.de\/shop\/wp-json\/wp\/v2\/media?parent=7094"}],"wp:term":[{"taxonomy":"product_brand","embeddable":true,"href":"https:\/\/rezepte-glutenfrei.de\/shop\/wp-json\/wp\/v2\/product_brand?post=7094"},{"taxonomy":"product_cat","embeddable":true,"href":"https:\/\/rezepte-glutenfrei.de\/shop\/wp-json\/wp\/v2\/product_cat?post=7094"},{"taxonomy":"product_tag","embeddable":true,"href":"https:\/\/rezepte-glutenfrei.de\/shop\/wp-json\/wp\/v2\/product_tag?post=7094"}],"curies":[{"name":"wp","href":"https:\/\/api.w.org\/{rel}","templated":true}]}}