{"id":4391,"date":"2022-07-08T15:31:45","date_gmt":"2022-07-08T15:31:45","guid":{"rendered":"https:\/\/rezepte-glutenfrei.de\/shop\/?post_type=product&#038;p=4391"},"modified":"2026-04-14T07:10:37","modified_gmt":"2026-04-14T07:10:37","slug":"glutenfreie-mehlmischung-6-x-spaetzle-250g-tanjas-glutenfrei","status":"publish","type":"product","link":"https:\/\/rezepte-glutenfrei.de\/shop\/product\/glutenfreie-mehlmischung-6-x-spaetzle-250g-tanjas-glutenfrei\/","title":{"rendered":"6 x 250g Glutenfreie Mehlmischung SP\u00c4TZLE &#8211; Tanjas glutenfrei"},"content":{"rendered":"<div class=\"os_detail_descmain\">\n<h3><strong>Meine liebste Mischung &#8211; SP\u00c4TZLE von <em>Tanjas glutenfrei<\/em>, glutenfrei &amp; vegan<\/strong><\/h3>\n<p><strong>Lieferumfang: 6 x 250g Mehlmischung SP\u00c4TZLE von Tanjas glutenfrei.<\/strong><\/p>\n<p>Wer schmackhafte glutenfreie Sp\u00e4tzle zuhause frisch zubereiten m\u00f6chte, liegt bei dieser Mischung goldrichtig! Aus der unkomplizierten Mischung lassen sich im Nu k\u00f6stliche Sp\u00e4tzle zubereiten und hausgemacht schmeckt`s einfach am besten! Grandiose Rezepte aus der Mischung sind bald <a href=\"https:\/\/www.rezepte-glutenfrei.de\/category\/rezepte-mehlmischung-spaetzle\/\" target=\"_blank\" rel=\"noopener\">HIER<\/a> notiert.<\/p>\n<p>Egal ob klassisch als Beilage zu herzhaften Gerichten und delikaten So\u00dfen, K\u00e4sesp\u00e4tzle mit R\u00f6stzwiebeln, Spinatsp\u00e4tzle oder als Sp\u00e4tzleauflauf. Als Basis f\u00fcr all diese K\u00f6stlichkeiten eignet sich die Mehlmischung f\u00fcr Sp\u00e4tzle von <em>Tanjas glutenfrei<\/em> hervorragen und im Nu stehen die leckeren Sp\u00e4tzle bereit. \u00dcbrigens, probieren Sie die Sp\u00e4tzle auch f\u00fcr s\u00fc\u00dfe Variationen, Sie werden begeistert sein.<\/p>\n<p><strong>Allergene &#8211; auf die inneren Werte kommt es an!<\/strong><br \/>\nLange t\u00fcftelte ich am perfekten Sp\u00e4tzle-Teig, der ohne Mais, glutenfreier Weizenst\u00e4rke und glutenfreien Hafer, Soja und Lupine auskommen sollte. Mein Wunsch war zudem, k\u00f6stliche Sp\u00e4tzle auch ohne Ei herzustellen. Mit dieser Mischung wurden die Anforderungen erf\u00fcllt und es lassen sich grandiose Sp\u00e4tzle zubereiten. Das Besondere an der Mischung, kurz notiert:<\/p>\n<ul>\n<li>\u00a0schnell, einfach und gelingsicher<\/li>\n<li>\u00a0gelingen auch ohne Ei<\/li>\n<li>\u00a0bestens zum Einfrieren geeignet<\/li>\n<li>\u00a0f\u00fcr s\u00fc\u00dfe und herzhafte Sp\u00e4tzle-Gerichte ideal<\/li>\n<li>\u00a0die Mischung enth\u00e4lt keine nicht-deklarationspflichtigen Bestandteile<\/li>\n<li>\u00a0die Mischung enth\u00e4lt keinen zugesetzten Zucker<\/li>\n<li>\u00a0Vollkornreismehl, Flohsamenschalenpulver und Xanthan sorgen f\u00fcr wertvolle Ballaststoffe<\/li>\n<\/ul>\n<p><strong>Die Zutaten der Mehlmischung:<\/strong> Reismehl, Kartoffelst\u00e4rke, Tapiokast\u00e4rke, Flohsamenschalenpulver, Verdickungsmittel: Xanthan.<\/p>\n<p><strong>Mein Vorrats-Tipp:<\/strong><br \/>\nSp\u00e4tzle nach Rezept herstellen, abk\u00fchlen lassen, in eine Kunststoffbox geben und einfrieren. Bei Bedarf auftauen lassen und in einer beschichteten Pfanne mit etwas \u00d6l einige Minuten braten.<\/p>\n<p>F\u00fcr Angaben zur <a href=\"https:\/\/www.lebensmittelverband.de\/de\/lebensmittel\/kennzeichnung\/lebensmittelinformationsverordnung\" target=\"_blank\" rel=\"noopener\">Lebensmittelinformations-Verordnung &#8211; Lebensmittelverband Deutschland<\/a>\u00a0klicken Sie auf die Bilder:<\/p>\n<p><a href=\"https:\/\/rezepte-glutenfrei.de\/shop\/wp-content\/uploads\/2022\/06\/Spaetzle-1.jpg\"><img loading=\"lazy\" decoding=\"async\" class=\"alignnone wp-image-4343 size-medium\" src=\"https:\/\/rezepte-glutenfrei.de\/shop\/wp-content\/uploads\/2022\/06\/Spaetzle-1-66x272.jpg\" alt=\"\" width=\"66\" height=\"272\" \/><\/a>\u00a0 <a href=\"https:\/\/rezepte-glutenfrei.de\/shop\/wp-content\/uploads\/2022\/06\/Spaetzle-2.jpg\"><img loading=\"lazy\" decoding=\"async\" class=\"alignnone wp-image-4344 size-medium\" src=\"https:\/\/rezepte-glutenfrei.de\/shop\/wp-content\/uploads\/2022\/06\/Spaetzle-2-130x272.jpg\" alt=\"\" width=\"130\" height=\"272\" \/><\/a><\/p>\n<p>Information zur Produktlagerung: Bitte k\u00fchl und trocken lagern.<br \/>\n<i>Verantwortlicher Lebensmittelunternehmer:<\/i> Tanja Gruber, Am Weinberg 7, 91567 Herrieden, Deutschland<\/p>\n<\/div>\n","protected":false},"excerpt":{"rendered":"<p>Meine liebste Mischung &#8211; SP\u00c4TZLE von Tanjas glutenfrei, glutenfrei &amp; vegan Lieferumfang: 6 x 250g Mehlmischung SP\u00c4TZLE von Tanjas glutenfrei. Wer schmackhafte glutenfreie Sp\u00e4tzle zuhause frisch zubereiten m\u00f6chte, liegt bei dieser Mischung goldrichtig! Aus der unkomplizierten Mischung lassen sich im Nu k\u00f6stliche Sp\u00e4tzle zubereiten und hausgemacht schmeckt`s einfach am besten! Grandiose Rezepte aus der Mischung &hellip; <a href=\"https:\/\/rezepte-glutenfrei.de\/shop\/product\/glutenfreie-mehlmischung-6-x-spaetzle-250g-tanjas-glutenfrei\/\" class=\"more-link\">Continue reading <span class=\"screen-reader-text\">6 x 250g Glutenfreie Mehlmischung SP\u00c4TZLE &#8211; Tanjas glutenfrei<\/span><\/a><\/p>\n","protected":false},"featured_media":4248,"comment_status":"open","ping_status":"closed","template":"","meta":{"_acf_changed":false},"product_brand":[],"product_cat":[169],"product_tag":[],"class_list":{"0":"post-4391","1":"product","2":"type-product","3":"status-publish","4":"has-post-thumbnail","6":"product_cat-backmischungen-6er-und-4kg","8":"first","9":"instock","10":"taxable","11":"shipping-taxable","12":"purchasable","13":"product-type-simple"},"acf":[],"_links":{"self":[{"href":"https:\/\/rezepte-glutenfrei.de\/shop\/wp-json\/wp\/v2\/product\/4391","targetHints":{"allow":["GET"]}}],"collection":[{"href":"https:\/\/rezepte-glutenfrei.de\/shop\/wp-json\/wp\/v2\/product"}],"about":[{"href":"https:\/\/rezepte-glutenfrei.de\/shop\/wp-json\/wp\/v2\/types\/product"}],"replies":[{"embeddable":true,"href":"https:\/\/rezepte-glutenfrei.de\/shop\/wp-json\/wp\/v2\/comments?post=4391"}],"wp:featuredmedia":[{"embeddable":true,"href":"https:\/\/rezepte-glutenfrei.de\/shop\/wp-json\/wp\/v2\/media\/4248"}],"wp:attachment":[{"href":"https:\/\/rezepte-glutenfrei.de\/shop\/wp-json\/wp\/v2\/media?parent=4391"}],"wp:term":[{"taxonomy":"product_brand","embeddable":true,"href":"https:\/\/rezepte-glutenfrei.de\/shop\/wp-json\/wp\/v2\/product_brand?post=4391"},{"taxonomy":"product_cat","embeddable":true,"href":"https:\/\/rezepte-glutenfrei.de\/shop\/wp-json\/wp\/v2\/product_cat?post=4391"},{"taxonomy":"product_tag","embeddable":true,"href":"https:\/\/rezepte-glutenfrei.de\/shop\/wp-json\/wp\/v2\/product_tag?post=4391"}],"curies":[{"name":"wp","href":"https:\/\/api.w.org\/{rel}","templated":true}]}}