{"id":4389,"date":"2022-07-08T05:53:17","date_gmt":"2022-07-08T05:53:17","guid":{"rendered":"https:\/\/rezepte-glutenfrei.de\/shop\/?post_type=product&#038;p=4389"},"modified":"2026-04-14T09:40:56","modified_gmt":"2026-04-14T09:40:56","slug":"glutenfreie-brotbackmischung-rustikal-4kg-tanjas-glutenfrei","status":"publish","type":"product","link":"https:\/\/rezepte-glutenfrei.de\/shop\/product\/glutenfreie-brotbackmischung-rustikal-4kg-tanjas-glutenfrei\/","title":{"rendered":"4kg Glutenfreie Brotbackmischung RUSTIKAL &#8211; Tanjas glutenfrei"},"content":{"rendered":"<p><strong>Meine liebste Backmischung &#8211; RUSTIKAL von <em>Tanjas glutenfrei<\/em>, glutenfrei &amp; vegan<\/strong><\/p>\n<p><strong>Lieferumfang: 1 x 4kg Backmischung RUSTIKAL von Tanjas glutenfrei<\/strong><\/p>\n<p>Sie m\u00f6chten schnell und einfach mischbrot-\u00e4hnliches Brot backen? Dann wird Sie diese Mischung \u00fcberzeugen! Das Brot aus der unkomplizierten Backmischung \u00fcberzeugt durch Geschmack und Textur und das fertige Brot steht glutenhaltigem Mischbrot in Nichts nach! Grandiose Backrezepte aus der Mischung sind <a href=\"https:\/\/www.rezepte-glutenfrei.de\/category\/rezepte-backmischung-rustikal\/\" target=\"_blank\" rel=\"noopener\">HIER<\/a> notiert.<\/p>\n<p><b>Die Zubereitung gelingt im Nu und nach wenigen Minuten kommt der Teigling sogleich in den kalten Backofen. Gebacken in einem Topf (<a href=\"https:\/\/www.rezepte-glutenfrei.de\/brot-aus-dem-topf\/\" target=\"_blank\" rel=\"noopener\">HIER<\/a> gibt`s Tipps zum Gef\u00e4\u00df) kommt nach der Backzeit ein schmackhaftes Brot zum Vorschein, welches optisch \u00fcberzeugt und zudem mit herrlich krosser Kruste!<\/b><\/p>\n<p>Die Backmischung ist frei von Mais, glutenfreier Weizenst\u00e4rke, glutenfreien Hafer, Soja und Lupine &#8211; zudem frei von Milchbestandteilen und vegan. F\u00fcr einen tollen Ballaststoffanteil sorgen Reisvollkornmehl, Flohsamenschalenpulver und Xanthan in der Mischung. Salz und Zucker ist der Mischung bewusst nicht zugegeben, denn Sie k\u00f6nnen selbst entscheiden, welches Produkt Sie diesbez\u00fcglich nutzen m\u00f6chten Das Brot gelingt \u00fcbrigens OHNE HEFE und das Rezept dazu ist <a href=\"https:\/\/www.rezepte-glutenfrei.de\/tanjas-rustikales-brot-hefefrei\/\" target=\"_blank\" rel=\"noopener\">HIER<\/a> notiert.<\/p>\n<p><strong>Zutaten der Backmischung:<\/strong> Kartoffelst\u00e4rke, Tapiokast\u00e4rke, Vollkornreismehl, Reismehl, Kastanienmehl, Teffmehl, Goldhirsemehl, Reissauerteig, Flohsamenschalenpulver, Verdickungsmittel: Xanthan.<br \/>\nEine Packung mit 4kg Backmischung ergibt <strong>10 Brote von je etwa 710g.<\/strong><\/p>\n<p><strong>Tanjas Tipp zur Aufbewahrung: <\/strong>Das rustikale Brot bleibt \u00fcber Tage hinweg weich und saftig. So kann das ausgek\u00fchlte Brot im Gefrierbeutel oder einer Kunststoffbox im K\u00fchlschrank gelagert werden. Wer krosse Brotscheiben m\u00f6chte, die Scheiben vor dem Verzehr kurz in den Toaster geben. Alternativ kann das Brot sehr gut eingefroren werden. Das komplett ausgek\u00fchlte Brot in Scheiben schneiden und einfrieren. Bei Bedarf die gefrorenen Scheiben direkt im Toaster aufbacken und die frischen Brotscheiben genie\u00dfen.<\/p>\n<p><b>F\u00fcr weitere Angaben gem. der\u00a0<a href=\"https:\/\/www.lebensmittelverband.de\/de\/lebensmittel\/kennzeichnung\/lebensmittelinformationsverordnung\" target=\"_blank\" rel=\"noopener\">Lebensmittel-Informationsverordnung (LMIV) <\/a>klicken Sie bitte auf die Bilder:<\/b><\/p>\n<p><a href=\"https:\/\/rezepte-glutenfrei.de\/shop\/wp-content\/uploads\/2022\/07\/Rustikal-4-vorne.jpg\"><img loading=\"lazy\" decoding=\"async\" class=\"alignnone wp-image-4707 size-medium\" src=\"https:\/\/rezepte-glutenfrei.de\/shop\/wp-content\/uploads\/2022\/07\/Rustikal-4-vorne-203x272.jpg\" alt=\"\" width=\"203\" height=\"272\" \/><\/a>\u00a0 <a href=\"https:\/\/rezepte-glutenfrei.de\/shop\/wp-content\/uploads\/2022\/07\/Rustikal-4-hinten.jpg\"><img loading=\"lazy\" decoding=\"async\" class=\"alignnone wp-image-4708 size-medium\" src=\"https:\/\/rezepte-glutenfrei.de\/shop\/wp-content\/uploads\/2022\/07\/Rustikal-4-hinten-201x272.jpg\" alt=\"\" width=\"201\" height=\"272\" \/><\/a><\/p>\n<p>Information zur Produktlagerung: Bitte k\u00fchl und trocken lagern.<br \/>\n<i>Verantwortlicher Lebensmittelunternehmer:<\/i> Tanja Gruber, Am Weinberg 7, 91567 Herrieden, Deutschland<\/p>\n","protected":false},"excerpt":{"rendered":"<p>Meine liebste Backmischung &#8211; RUSTIKAL von Tanjas glutenfrei, glutenfrei &amp; vegan Lieferumfang: 1 x 4kg Backmischung RUSTIKAL von Tanjas glutenfrei Sie m\u00f6chten schnell und einfach mischbrot-\u00e4hnliches Brot backen? Dann wird Sie diese Mischung \u00fcberzeugen! Das Brot aus der unkomplizierten Backmischung \u00fcberzeugt durch Geschmack und Textur und das fertige Brot steht glutenhaltigem Mischbrot in Nichts nach! &hellip; <a href=\"https:\/\/rezepte-glutenfrei.de\/shop\/product\/glutenfreie-brotbackmischung-rustikal-4kg-tanjas-glutenfrei\/\" class=\"more-link\">Continue reading <span class=\"screen-reader-text\">4kg Glutenfreie Brotbackmischung RUSTIKAL &#8211; Tanjas glutenfrei<\/span><\/a><\/p>\n","protected":false},"featured_media":4709,"comment_status":"open","ping_status":"closed","template":"","meta":{"_acf_changed":false},"product_brand":[],"product_cat":[119,169],"product_tag":[],"class_list":{"0":"post-4389","1":"product","2":"type-product","3":"status-publish","4":"has-post-thumbnail","6":"product_cat-backmischungen","7":"product_cat-backmischungen-6er-und-4kg","9":"first","10":"instock","11":"taxable","12":"shipping-taxable","13":"purchasable","14":"product-type-simple"},"acf":[],"_links":{"self":[{"href":"https:\/\/rezepte-glutenfrei.de\/shop\/wp-json\/wp\/v2\/product\/4389","targetHints":{"allow":["GET"]}}],"collection":[{"href":"https:\/\/rezepte-glutenfrei.de\/shop\/wp-json\/wp\/v2\/product"}],"about":[{"href":"https:\/\/rezepte-glutenfrei.de\/shop\/wp-json\/wp\/v2\/types\/product"}],"replies":[{"embeddable":true,"href":"https:\/\/rezepte-glutenfrei.de\/shop\/wp-json\/wp\/v2\/comments?post=4389"}],"wp:featuredmedia":[{"embeddable":true,"href":"https:\/\/rezepte-glutenfrei.de\/shop\/wp-json\/wp\/v2\/media\/4709"}],"wp:attachment":[{"href":"https:\/\/rezepte-glutenfrei.de\/shop\/wp-json\/wp\/v2\/media?parent=4389"}],"wp:term":[{"taxonomy":"product_brand","embeddable":true,"href":"https:\/\/rezepte-glutenfrei.de\/shop\/wp-json\/wp\/v2\/product_brand?post=4389"},{"taxonomy":"product_cat","embeddable":true,"href":"https:\/\/rezepte-glutenfrei.de\/shop\/wp-json\/wp\/v2\/product_cat?post=4389"},{"taxonomy":"product_tag","embeddable":true,"href":"https:\/\/rezepte-glutenfrei.de\/shop\/wp-json\/wp\/v2\/product_tag?post=4389"}],"curies":[{"name":"wp","href":"https:\/\/api.w.org\/{rel}","templated":true}]}}