{"id":4355,"date":"2022-07-06T05:47:41","date_gmt":"2022-07-06T05:47:41","guid":{"rendered":"https:\/\/rezepte-glutenfrei.de\/shop\/?post_type=product&#038;p=4355"},"modified":"2026-04-14T06:47:26","modified_gmt":"2026-04-14T06:47:26","slug":"glutenfreie-backmischung-pita-wraps-250g-tanjas-glutenfrei","status":"publish","type":"product","link":"https:\/\/rezepte-glutenfrei.de\/shop\/product\/glutenfreie-backmischung-pita-wraps-250g-tanjas-glutenfrei\/","title":{"rendered":"Glutenfreie Backmischung PITA &#038; WRAPS 250g &#8211; Tanjas glutenfrei"},"content":{"rendered":"<h3><strong>Meine liebste Backmischung &#8211; PITA &amp; WRAPS von <em>Tanjas glutenfrei<\/em>, glutenfrei &amp; vegan<\/strong><\/h3>\n<div class=\"os_detail_descmain\">\n<p>Kinderleicht und mit <strong>nur wenigen Zutaten<\/strong> lassen sich im Nu delikate <strong>Fladenbrote wie Pita und Wraps<\/strong> zubereiten. Die Backwaren sind beispielsweise ideal f\u00fcr saftig gef\u00fcllte Wraps, Pita mit k\u00f6stlicher Gyros-F\u00fcllung und soften Fladenbroten zu indischen Gerichten. Die Rezeptur der Mischung ist exakt abgestimmt, sodass sich der <strong>geschmeidige Teig<\/strong> fix und unkompliziert verarbeiten l\u00e4sst. Pita und Wraps k\u00f6nnen <strong>prima vorbereitet<\/strong> werden und die Mischung ist der perfekte <strong>Begleiter f\u00fcr Campingurlaub oder Urlaub in der Ferienwohnung<\/strong>. Zur Zubereitung ist kein Backofen notwendig, da die Fladenbrote direkt in der Pfanne ausgebacken werden. Grandiose Backrezepte aus der Mischung sind <a href=\"https:\/\/www.rezepte-glutenfrei.de\/category\/rezepte-backmischung-pita-wraps\/\" target=\"_blank\" rel=\"noopener\">HIER<\/a> notiert.<\/p>\n<p>Die Backmischung ist frei von Mais, glutenfreier Weizenst\u00e4rke, glutenfreien Hafer, Soja und Lupine &#8211; zudem frei von Milchbestandteilen und vegan. Salz und Zucker ist der Mischung bewusst nicht zugegeben, denn Sie k\u00f6nnen selbst entscheiden, welches Produkt Sie diesbez\u00fcglich nutzen m\u00f6chten Die Backwaren gelingen \u00fcbrigens perfekt OHNE HEFE und das Rezept ist auf der Verpackungsr\u00fcckseite notiert.<\/p>\n<p><strong>Zutaten der Backmischung:<\/strong> Kartoffelst\u00e4rke, Reismehl, Tapiokast\u00e4rke, Goldhirsemehl, Vollkornreismehl, Flohsamenschalenpulver, Verdickungsmittel: Xanthan.<br \/>\nEine Packung mit 250g Backmischung reicht <strong>f\u00fcr 6 Pita oder Wraps<\/strong><\/p>\n<p><strong>Tanjas Tipp zur Aufbewahrung: <\/strong>Pita und Wraps k\u00f6nnen <strong>prima vorbereitet<\/strong> werden und schmecken am Zubereitungstag, und leicht erw\u00e4rmt am n\u00e4chsten Tag, herrlich weich und lecker.<\/p>\n<\/div>\n<div class=\"os_detail_lmiv\">\n<p><b>F\u00fcr weitere Angaben gem. der\u00a0<a href=\"https:\/\/www.lebensmittelverband.de\/de\/lebensmittel\/kennzeichnung\/lebensmittelinformationsverordnung\" target=\"_blank\" rel=\"noopener\">Lebensmittel-Informationsverordnung (LMIV)<\/a> klicken Sie bitte auf die Bilder:<\/b><\/p>\n<p><a href=\"https:\/\/rezepte-glutenfrei.de\/shop\/wp-content\/uploads\/2022\/07\/Pita-1.jpg\"><img loading=\"lazy\" decoding=\"async\" class=\"alignnone wp-image-4356 size-medium\" src=\"https:\/\/rezepte-glutenfrei.de\/shop\/wp-content\/uploads\/2022\/07\/Pita-1-68x272.jpg\" alt=\"\" width=\"68\" height=\"272\" \/><\/a>\u00a0 <a href=\"https:\/\/rezepte-glutenfrei.de\/shop\/wp-content\/uploads\/2022\/07\/Pita-2.jpg\"><img loading=\"lazy\" decoding=\"async\" class=\"alignnone wp-image-4357\" src=\"https:\/\/rezepte-glutenfrei.de\/shop\/wp-content\/uploads\/2022\/07\/Pita-2-129x272.jpg\" alt=\"\" width=\"147\" height=\"310\" \/><\/a><\/p>\n<\/div>\n<p>Information zur Produktlagerung: Bitte k\u00fchl und trocken lagern.<br \/>\n<i>Verantwortlicher Lebensmittelunternehmer:<\/i> Tanja Gruber, Am Weinberg 7, 91567 Herrieden, Deutschland<\/p>\n","protected":false},"excerpt":{"rendered":"<p>Meine liebste Backmischung &#8211; PITA &amp; WRAPS von Tanjas glutenfrei, glutenfrei &amp; vegan Kinderleicht und mit nur wenigen Zutaten lassen sich im Nu delikate Fladenbrote wie Pita und Wraps zubereiten. Die Backwaren sind beispielsweise ideal f\u00fcr saftig gef\u00fcllte Wraps, Pita mit k\u00f6stlicher Gyros-F\u00fcllung und soften Fladenbroten zu indischen Gerichten. Die Rezeptur der Mischung ist exakt &hellip; <a href=\"https:\/\/rezepte-glutenfrei.de\/shop\/product\/glutenfreie-backmischung-pita-wraps-250g-tanjas-glutenfrei\/\" class=\"more-link\">Continue reading <span class=\"screen-reader-text\">Glutenfreie Backmischung PITA &#038; WRAPS 250g &#8211; Tanjas glutenfrei<\/span><\/a><\/p>\n","protected":false},"featured_media":4358,"comment_status":"open","ping_status":"closed","template":"","meta":{"_acf_changed":false},"product_brand":[],"product_cat":[119],"product_tag":[],"class_list":{"0":"post-4355","1":"product","2":"type-product","3":"status-publish","4":"has-post-thumbnail","6":"product_cat-backmischungen","8":"first","9":"instock","10":"taxable","11":"shipping-taxable","12":"purchasable","13":"product-type-simple"},"acf":[],"_links":{"self":[{"href":"https:\/\/rezepte-glutenfrei.de\/shop\/wp-json\/wp\/v2\/product\/4355","targetHints":{"allow":["GET"]}}],"collection":[{"href":"https:\/\/rezepte-glutenfrei.de\/shop\/wp-json\/wp\/v2\/product"}],"about":[{"href":"https:\/\/rezepte-glutenfrei.de\/shop\/wp-json\/wp\/v2\/types\/product"}],"replies":[{"embeddable":true,"href":"https:\/\/rezepte-glutenfrei.de\/shop\/wp-json\/wp\/v2\/comments?post=4355"}],"wp:featuredmedia":[{"embeddable":true,"href":"https:\/\/rezepte-glutenfrei.de\/shop\/wp-json\/wp\/v2\/media\/4358"}],"wp:attachment":[{"href":"https:\/\/rezepte-glutenfrei.de\/shop\/wp-json\/wp\/v2\/media?parent=4355"}],"wp:term":[{"taxonomy":"product_brand","embeddable":true,"href":"https:\/\/rezepte-glutenfrei.de\/shop\/wp-json\/wp\/v2\/product_brand?post=4355"},{"taxonomy":"product_cat","embeddable":true,"href":"https:\/\/rezepte-glutenfrei.de\/shop\/wp-json\/wp\/v2\/product_cat?post=4355"},{"taxonomy":"product_tag","embeddable":true,"href":"https:\/\/rezepte-glutenfrei.de\/shop\/wp-json\/wp\/v2\/product_tag?post=4355"}],"curies":[{"name":"wp","href":"https:\/\/api.w.org\/{rel}","templated":true}]}}