{"id":4210,"date":"2022-04-08T10:53:21","date_gmt":"2022-04-08T10:53:21","guid":{"rendered":"https:\/\/rezepte-glutenfrei.de\/shop\/?post_type=product&#038;p=4210"},"modified":"2026-04-14T06:10:18","modified_gmt":"2026-04-14T06:10:18","slug":"glutenfreie-brotbackmischung-saaten-400g-tanjas-glutenfrei","status":"publish","type":"product","link":"https:\/\/rezepte-glutenfrei.de\/shop\/product\/glutenfreie-brotbackmischung-saaten-400g-tanjas-glutenfrei\/","title":{"rendered":"Glutenfreie Brotbackmischung SAATEN 400g &#8211; Tanjas glutenfrei"},"content":{"rendered":"<h3><strong>Meine liebste Backmischung &#8211; SAATEN von <em>Tanjas glutenfrei<\/em>, glutenfrei &amp; vegan<\/strong><\/h3>\n<div class=\"os_detail_descmain\">\n<p>Das mild-aromatische Landbrot mit wertvollen Saaten! K\u00fcrbiskerne, Mohn und Sesam verfeinern das Brot und zum Vorschein kommt ein weiches, feinporiges Brot mit einer k\u00f6stlichen Note. Egal ob s\u00fc\u00df oder herzhaft belegt, das Brot bietet eine leckere Basis. Die Zubereitung gelingt im Nu und zum Vorschein kommt ein formsch\u00f6nes Brot mit herrlich krosser Kruste! Grandiose Backrezepte aus der Mischung sind <a href=\"https:\/\/www.rezepte-glutenfrei.de\/category\/rezepte-backmischung-saaten\/\" target=\"_blank\" rel=\"noopener\">HIER<\/a> notiert.<\/p>\n<p><strong>Zutaten der Backmischung:<\/strong> Kartoffelst\u00e4rke, Reismehl, K\u00fcrbiskerne, Tapiokast\u00e4rke, Teffmehl, Flohsamenschalenpulver, Reissauerteig, <strong>Sesam<\/strong>, Mohn, Verdickungsmittel: Xanthan<br \/>\nEine Packung mit 400g Backmischung ergibt <strong>ein Brot von etwa 640g<\/strong><\/p>\n<p><strong>Die Backmischung ist frei von<\/strong> Gluten, Mais, glutenfreier Weizenst\u00e4rke, glutenfreiem Hafer, Soja und Lupine &#8211; zudem frei von Milchbestandteilen und vegan. Salz und Zucker ist der Mischung bewusst nicht zugegeben, denn Sie k\u00f6nnen selbst entscheiden, welches Produkt Sie diesbez\u00fcglich nutzen m\u00f6chten. Das Brot gelingt \u00fcbrigens perfekt OHNE HEFE und das Rezept dazu ist <a href=\"https:\/\/www.rezepte-glutenfrei.de\/tanjas-saatenbrot-hefefrei\/\" target=\"_blank\" rel=\"noopener\">HIER<\/a> notiert.<\/p>\n<p><strong>Tanjas Tipp zur Aufbewahrung: <\/strong>Das Saatenbrot bleibt \u00fcber Tage hinweg weich und saftig. So kann das ausgek\u00fchlte Brot im Gefrierbeutel im K\u00fchlschrank gelagert werden. Wer krosse Brotscheiben m\u00f6chte, die Scheiben vor dem Verzehr kurz in den Toaster geben. Alternativ kann das Brot sehr gut eingefroren werden. Das komplett ausgek\u00fchlte Brot in Scheiben schneiden und einfrieren. Bei Bedarf die gefrorenen Scheiben direkt im Toaster aufbacken und die frischen Brotscheiben genie\u00dfen.<\/p>\n<p><b>F\u00fcr weitere Angaben gem. der <a href=\"https:\/\/www.lebensmittelverband.de\/de\/lebensmittel\/kennzeichnung\/lebensmittelinformationsverordnung\" target=\"_blank\" rel=\"noopener\">Lebensmittel-Informationsverordnung (LMIV)<\/a> klicken Sie bitte auf die Bilder:<\/b><\/p>\n<\/div>\n<div class=\"os_detail_lmiv\">\n<p><a href=\"https:\/\/rezepte-glutenfrei.de\/shop\/wp-content\/uploads\/2022\/04\/Saaten-1-1.jpg\"><img loading=\"lazy\" decoding=\"async\" class=\"alignnone wp-image-4347 size-medium\" src=\"https:\/\/rezepte-glutenfrei.de\/shop\/wp-content\/uploads\/2022\/04\/Saaten-1-1-69x272.jpg\" alt=\"\" width=\"69\" height=\"272\" \/><\/a>\u00a0 <a href=\"https:\/\/rezepte-glutenfrei.de\/shop\/wp-content\/uploads\/2022\/04\/Saaten-2.jpg\"><img loading=\"lazy\" decoding=\"async\" class=\"alignnone wp-image-4348 size-medium\" src=\"https:\/\/rezepte-glutenfrei.de\/shop\/wp-content\/uploads\/2022\/04\/Saaten-2-130x272.jpg\" alt=\"\" width=\"130\" height=\"272\" \/><\/a><\/p>\n<\/div>\n<p>Information zur Produktlagerung: Bitte k\u00fchl und trocken lagern.<br \/>\nInformationen zum Produkt: <strong>Das Produkt enth\u00e4lt Sesam<\/strong>.<br \/>\n<i>Verantwortlicher Lebensmittelunternehmer:<\/i> Tanja Gruber, Am Weinberg 7, 91567 Herrieden, Deutschland<\/p>\n","protected":false},"excerpt":{"rendered":"<p>Meine liebste Backmischung &#8211; SAATEN von Tanjas glutenfrei, glutenfrei &amp; vegan Das mild-aromatische Landbrot mit wertvollen Saaten! K\u00fcrbiskerne, Mohn und Sesam verfeinern das Brot und zum Vorschein kommt ein weiches, feinporiges Brot mit einer k\u00f6stlichen Note. Egal ob s\u00fc\u00df oder herzhaft belegt, das Brot bietet eine leckere Basis. Die Zubereitung gelingt im Nu und zum &hellip; <a href=\"https:\/\/rezepte-glutenfrei.de\/shop\/product\/glutenfreie-brotbackmischung-saaten-400g-tanjas-glutenfrei\/\" class=\"more-link\">Continue reading <span class=\"screen-reader-text\">Glutenfreie Brotbackmischung SAATEN 400g &#8211; Tanjas glutenfrei<\/span><\/a><\/p>\n","protected":false},"featured_media":4239,"comment_status":"open","ping_status":"closed","template":"","meta":{"_acf_changed":false},"product_brand":[],"product_cat":[119],"product_tag":[],"class_list":{"0":"post-4210","1":"product","2":"type-product","3":"status-publish","4":"has-post-thumbnail","6":"product_cat-backmischungen","8":"first","9":"instock","10":"taxable","11":"shipping-taxable","12":"purchasable","13":"product-type-simple"},"acf":[],"_links":{"self":[{"href":"https:\/\/rezepte-glutenfrei.de\/shop\/wp-json\/wp\/v2\/product\/4210","targetHints":{"allow":["GET"]}}],"collection":[{"href":"https:\/\/rezepte-glutenfrei.de\/shop\/wp-json\/wp\/v2\/product"}],"about":[{"href":"https:\/\/rezepte-glutenfrei.de\/shop\/wp-json\/wp\/v2\/types\/product"}],"replies":[{"embeddable":true,"href":"https:\/\/rezepte-glutenfrei.de\/shop\/wp-json\/wp\/v2\/comments?post=4210"}],"wp:featuredmedia":[{"embeddable":true,"href":"https:\/\/rezepte-glutenfrei.de\/shop\/wp-json\/wp\/v2\/media\/4239"}],"wp:attachment":[{"href":"https:\/\/rezepte-glutenfrei.de\/shop\/wp-json\/wp\/v2\/media?parent=4210"}],"wp:term":[{"taxonomy":"product_brand","embeddable":true,"href":"https:\/\/rezepte-glutenfrei.de\/shop\/wp-json\/wp\/v2\/product_brand?post=4210"},{"taxonomy":"product_cat","embeddable":true,"href":"https:\/\/rezepte-glutenfrei.de\/shop\/wp-json\/wp\/v2\/product_cat?post=4210"},{"taxonomy":"product_tag","embeddable":true,"href":"https:\/\/rezepte-glutenfrei.de\/shop\/wp-json\/wp\/v2\/product_tag?post=4210"}],"curies":[{"name":"wp","href":"https:\/\/api.w.org\/{rel}","templated":true}]}}