{"id":4164,"date":"2022-02-03T18:36:21","date_gmt":"2022-02-03T18:36:21","guid":{"rendered":"https:\/\/rezepte-glutenfrei.de\/shop\/?post_type=product&#038;p=4164"},"modified":"2026-04-15T17:17:20","modified_gmt":"2026-04-15T17:17:20","slug":"meine-glutenfreie-hausmannskost-neu","status":"publish","type":"product","link":"https:\/\/rezepte-glutenfrei.de\/shop\/product\/meine-glutenfreie-hausmannskost-neu\/","title":{"rendered":"Meine glutenfreie Hausmannskost NEU"},"content":{"rendered":"<p class=\"import\">Kann Glutenfreies nach richtig guter Hausmannskost schmecken? Aber sicher, sagt\u00a0Tanja Gruber, die seit mehr als zwanzig Jahren in der K\u00fcche steht und voller Leidenschaft ihren Kochl\u00f6ffel in Sachen glutenfreies Essen schwingt. Klassische Koch- und Backrezepte haben es ihr dabei besonders angetan: Putengeschnetzeltes, Rahmspinat, Zwetschgenkn\u00f6del &amp;, Co schmecken der ganzen Familie und sind die Stars in jeder geselligen Freundesrunde. Und so ist die \u201eGlutenfreie Hausmannskost\u201c ein herrlicher Fundus f\u00fcr alle, die das Klebereiwei\u00df aus ihrem Speiseplan streichen m\u00fcssen oder wollen und dennoch nicht gerne auf die Gerichte aus Kindertagen verzichten.<\/p>\n<p>&#8211; Von <strong>Lasagne bis Germkn\u00f6del, von J\u00e4gerso\u00dfe bis Hefezopf<\/strong> \u2013 unsere liebsten Klassiker der Hausmannskost jetzt auch glutenfrei<br \/>\n&#8211; Schlemmen ganz ohne Beschwerden: <strong>So schmeckt es allen<\/strong>!<br \/>\n&#8211; \u00dcber <strong>60 Rezepte<\/strong> ohne Gluten und Laktose, zus\u00e4tzlich mit Tipps f\u00fcr eine milcheiwei\u00dffreie Zubereitung<br \/>\n&#8211; <strong>Alle Rezepte<\/strong>, bis auf die Grundrezepte, sind mit <strong>zauberhaften Bildern<\/strong> ausgestattet<\/p>\n<p>Autor: Tanja Gruber<br \/>\nSeiten: 176, durchgehend farbig<br \/>\nISBN: 978-3-7088-0812-3<br \/>\nTyp: Hardcover<\/p>\n<p>Zum Blick ins Buch geht`s <a href=\"https:\/\/www.styriabooks.at\/meine-glutenfreie-hausmannskost\" target=\"_blank\" rel=\"noopener\">HIER<\/a> entlang.<\/p>\n","protected":false},"excerpt":{"rendered":"<p>Kann Glutenfreies nach richtig guter Hausmannskost schmecken? Aber sicher, sagt\u00a0Tanja Gruber, die seit mehr als zwanzig Jahren in der K\u00fcche steht und voller Leidenschaft ihren Kochl\u00f6ffel in Sachen glutenfreies Essen schwingt. Klassische Koch- und Backrezepte haben es ihr dabei besonders angetan: Putengeschnetzeltes, Rahmspinat, Zwetschgenkn\u00f6del &amp;, Co schmecken der ganzen Familie und sind die Stars in &hellip; <a href=\"https:\/\/rezepte-glutenfrei.de\/shop\/product\/meine-glutenfreie-hausmannskost-neu\/\" class=\"more-link\">Continue reading <span class=\"screen-reader-text\">Meine glutenfreie Hausmannskost NEU<\/span><\/a><\/p>\n","protected":false},"featured_media":7316,"comment_status":"open","ping_status":"closed","template":"","meta":{"_acf_changed":false},"product_brand":[],"product_cat":[88],"product_tag":[],"class_list":{"0":"post-4164","1":"product","2":"type-product","3":"status-publish","4":"has-post-thumbnail","6":"product_cat-buecher","8":"first","9":"instock","10":"taxable","11":"shipping-taxable","12":"purchasable","13":"product-type-simple"},"acf":[],"_links":{"self":[{"href":"https:\/\/rezepte-glutenfrei.de\/shop\/wp-json\/wp\/v2\/product\/4164","targetHints":{"allow":["GET"]}}],"collection":[{"href":"https:\/\/rezepte-glutenfrei.de\/shop\/wp-json\/wp\/v2\/product"}],"about":[{"href":"https:\/\/rezepte-glutenfrei.de\/shop\/wp-json\/wp\/v2\/types\/product"}],"replies":[{"embeddable":true,"href":"https:\/\/rezepte-glutenfrei.de\/shop\/wp-json\/wp\/v2\/comments?post=4164"}],"wp:featuredmedia":[{"embeddable":true,"href":"https:\/\/rezepte-glutenfrei.de\/shop\/wp-json\/wp\/v2\/media\/7316"}],"wp:attachment":[{"href":"https:\/\/rezepte-glutenfrei.de\/shop\/wp-json\/wp\/v2\/media?parent=4164"}],"wp:term":[{"taxonomy":"product_brand","embeddable":true,"href":"https:\/\/rezepte-glutenfrei.de\/shop\/wp-json\/wp\/v2\/product_brand?post=4164"},{"taxonomy":"product_cat","embeddable":true,"href":"https:\/\/rezepte-glutenfrei.de\/shop\/wp-json\/wp\/v2\/product_cat?post=4164"},{"taxonomy":"product_tag","embeddable":true,"href":"https:\/\/rezepte-glutenfrei.de\/shop\/wp-json\/wp\/v2\/product_tag?post=4164"}],"curies":[{"name":"wp","href":"https:\/\/api.w.org\/{rel}","templated":true}]}}