{"id":3693,"date":"2021-05-01T22:14:08","date_gmt":"2021-05-01T22:14:08","guid":{"rendered":"https:\/\/rezepte-glutenfrei.de\/shop\/?post_type=product&#038;p=3693"},"modified":"2026-04-12T21:21:47","modified_gmt":"2026-04-12T21:21:47","slug":"spaetzlehobel-knoepfle","status":"publish","type":"product","link":"https:\/\/rezepte-glutenfrei.de\/shop\/product\/spaetzlehobel-knoepfle\/","title":{"rendered":"Sp\u00e4tzlehobel &#8220;Kn\u00f6pfle&#8221;"},"content":{"rendered":"<p>Egal ob als Beilage f\u00fcr k\u00f6stliche Bratengerichte, als Basis f\u00fcr K\u00e4sekn\u00f6pfle oder einfach Kn\u00f6pfle mit So\u00dfe &#8211; himmlische Kn\u00f6pfle gelingen in glutenfreier Form hervorragend und schmecken \u00fcberaus k\u00f6stlich! Mit diesem Handhobel mit Teigschlitten k\u00f6nnen Sie Ihre Kn\u00f6pfle schnell und einfach herstellen. So geht&#8217;s: den Teig in den Kunststoff-Schlitten (Fassungsverm\u00f6gen ca. 250 ml) hineingeben und die bef\u00fcllte Einheit dann sanft in den Schienen \u00fcber den Hobel bewegen. So wird der Teig durch das gelochte Hobelbett gepresst, und Kn\u00f6pfle sind in Minutenschnelle fertig. Die Auflageraste greift bei T\u00f6pfen und Sch\u00fcsseln bis \u00d8 24 cm. Der abgerundete, angenehm zu fassende Griff aus hochwertigem Kunststoff sorgt f\u00fcr festen Halt beim Zubereiten. Kn\u00f6pfle sind \u00fcbrigens Sp\u00e4tzle in k\u00fcrzerer Form \ud83d\ude42<\/p>\n<p><strong>Rezepttipp:<\/strong> Ein geschmackvolles und gelingsicheres Rezept f\u00fcr glutenfreie Kn\u00f6pfle ist HIER notiert.<\/p>\n<p><strong>Im Lieferumfang enthalten:<\/strong> 1 Sp\u00e4tzlehobel &#8220;Kn\u00f6pfle&#8221;<br \/>\n<strong>Material:<\/strong> rostfreier Edelstahl<br \/>\n<strong>Sp\u00fclmaschinengeeignet:<\/strong> ja<br \/>\n<strong>Hersteller:<\/strong> Westmark<\/p>\n<p><em>Verantwortlicher Unternehmer: Westmark GmbH, Bielefelder Str. 125, 57368 Lennestadt \u2013 Elspe (Germany)<\/em><\/p>\n","protected":false},"excerpt":{"rendered":"<p>Egal ob als Beilage f\u00fcr k\u00f6stliche Bratengerichte, als Basis f\u00fcr K\u00e4sekn\u00f6pfle oder einfach Kn\u00f6pfle mit So\u00dfe &#8211; himmlische Kn\u00f6pfle gelingen in glutenfreier Form hervorragend und schmecken \u00fcberaus k\u00f6stlich! Mit diesem Handhobel mit Teigschlitten k\u00f6nnen Sie Ihre Kn\u00f6pfle schnell und einfach herstellen. So geht&#8217;s: den Teig in den Kunststoff-Schlitten (Fassungsverm\u00f6gen ca. 250 ml) hineingeben und die &hellip; <a href=\"https:\/\/rezepte-glutenfrei.de\/shop\/product\/spaetzlehobel-knoepfle\/\" class=\"more-link\">Continue reading <span class=\"screen-reader-text\">Sp\u00e4tzlehobel &#8220;Kn\u00f6pfle&#8221;<\/span><\/a><\/p>\n","protected":false},"featured_media":3721,"comment_status":"open","ping_status":"closed","template":"","meta":{"_acf_changed":false},"product_brand":[],"product_cat":[15,94],"product_tag":[],"class_list":{"0":"post-3693","1":"product","2":"type-product","3":"status-publish","4":"has-post-thumbnail","6":"product_cat-uncategorized","7":"product_cat-spaetzle-knoepfle-co","9":"first","10":"instock","11":"taxable","12":"shipping-taxable","13":"purchasable","14":"product-type-simple"},"acf":[],"_links":{"self":[{"href":"https:\/\/rezepte-glutenfrei.de\/shop\/wp-json\/wp\/v2\/product\/3693","targetHints":{"allow":["GET"]}}],"collection":[{"href":"https:\/\/rezepte-glutenfrei.de\/shop\/wp-json\/wp\/v2\/product"}],"about":[{"href":"https:\/\/rezepte-glutenfrei.de\/shop\/wp-json\/wp\/v2\/types\/product"}],"replies":[{"embeddable":true,"href":"https:\/\/rezepte-glutenfrei.de\/shop\/wp-json\/wp\/v2\/comments?post=3693"}],"wp:featuredmedia":[{"embeddable":true,"href":"https:\/\/rezepte-glutenfrei.de\/shop\/wp-json\/wp\/v2\/media\/3721"}],"wp:attachment":[{"href":"https:\/\/rezepte-glutenfrei.de\/shop\/wp-json\/wp\/v2\/media?parent=3693"}],"wp:term":[{"taxonomy":"product_brand","embeddable":true,"href":"https:\/\/rezepte-glutenfrei.de\/shop\/wp-json\/wp\/v2\/product_brand?post=3693"},{"taxonomy":"product_cat","embeddable":true,"href":"https:\/\/rezepte-glutenfrei.de\/shop\/wp-json\/wp\/v2\/product_cat?post=3693"},{"taxonomy":"product_tag","embeddable":true,"href":"https:\/\/rezepte-glutenfrei.de\/shop\/wp-json\/wp\/v2\/product_tag?post=3693"}],"curies":[{"name":"wp","href":"https:\/\/api.w.org\/{rel}","templated":true}]}}