{"id":3605,"date":"2021-04-28T11:54:34","date_gmt":"2021-04-28T11:54:34","guid":{"rendered":"https:\/\/rezepte-glutenfrei.de\/shop\/?post_type=product&#038;p=3605"},"modified":"2026-03-29T17:53:29","modified_gmt":"2026-03-29T17:53:29","slug":"meine-glutenfreie-weihnachtsbaeckerei","status":"publish","type":"product","link":"https:\/\/rezepte-glutenfrei.de\/shop\/product\/meine-glutenfreie-weihnachtsbaeckerei\/","title":{"rendered":"Meine glutenfreie Weihnachtsb\u00e4ckerei"},"content":{"rendered":"<p>Z\u00f6liakie, Unvertr\u00e4glichkeiten oder einfach ein kritischer Blick auf Getreidesorten: Immer mehr Menschen suchen heute nach glutenfreien Lebensmitteln und Rezepten. Gerade in der Weihnachtszeit fragen sich viele: Wie geht ein Weihnachtsessen ohne Gluten? Tanja Gruber kennt darauf jede Menge \u2013 k\u00f6stliche \u2013 Antworten! Denn Deutschlands erfolgreichste Glutenfrei-Expertin versteht es wie keine andere, dennoch alles so zuzubereiten, dass es garantiert schmeckt. Von Lebkuchen \u00fcber Vanillekipferl bis zum Panettone: In Tanja Grubers neuem Buch finden Sie zahlreiche Klassiker, die in der Advents- und Weihnachtszeit nicht fehlen d\u00fcrfen. Mit vielen Extras: Wie bef\u00fclle ich einen glutenfreien Adventskalender? Wie gestalte ich ein glutenfreies Silvesterdinner?<\/p>\n<p>Aus dem Inhalt:\u00a0Alle beliebten Pl\u00e4tzchen-Klassiker f\u00fcr eine wunderbar glutenfreie Weihnachtszeit mit der ganzen Familie! Glutenfreie Festtagsmen\u00fcs, Anleitung f\u00fcr einen glutenfreien Adventskalender und vieles mehr!<\/p>\n<ul>\n<li><strong>Pl\u00e4tzchen:<\/strong>\u00a0Alpenbrot, Cappuccino-Monde, Florentiner-Ecken, Nougatstangen, Punschbrezeln, Zimtschnecken, u.v.m.<br \/>\n<strong>Lebkuchen &amp; Co.:<\/strong>\u00a0Dominosteine, Lebkuchenhaus, Printen, Spekulatius, u.v.m.<br \/>\n<strong>Weihnachtliches Geb\u00e4ck, Kuchen &amp; Schnitten:<\/strong>\u00a0Baumkuchen, Gl\u00fchweinkuchen, Mandarinenschnecken mit Zimtguss, Schneemann-Amerikaner, u.v.m.<br \/>\n<strong>Festliche Torten:<\/strong>\u00a0Buchweizen-Buttercremetorte, Haselnuss-Sahnetorte, Schneeballtorte, Zimtstern-Birnen-Torte, u.v.m.<br \/>\n<strong>Stollen, Panettone &amp; Fr\u00fcchtebrot:<\/strong>\u00a0Apfel-Fr\u00fcchtebrot, Quarkstollen, Nusswickel nach Stollenart, Panettone, u.v.m.<br \/>\n<strong>Dessert:<\/strong>\u00a0Bratapfel-Tiramisu, Cr\u00eapes mit karamellisierten Birnen, Gebackene Apfelringe mit Lebkuchenso\u00dfe, u.v.m.<\/li>\n<\/ul>\n<p><strong>Zum Blick ins Buch geht\u2019s\u00a0<a href=\"https:\/\/www.styriabooks.at\/shop\/kochen-geniessen\/meine-glutenfreie-weihnachtsbaeckerei-1\/\" target=\"_blank\" rel=\"noopener\">HIER<\/a>\u00a0entlang.<\/strong><br \/>\nAutorin: Tanja Gruber<br \/>\nSeiten: 160<br \/>\nISBN: 978-3-7088-0860-4<br \/>\nTyp: Hardcover, 19 x 24,5 cm<\/p>\n","protected":false},"excerpt":{"rendered":"<p>Entdecke Rezepte zur glutenfreien Weihnachtsb\u00e4ckerei aus den Kategorien klassische und raffinierte Pl\u00e4tzchen, pr\u00e4chtige Weihnachtstorten und Kuchen, weihnachtliche Desserts. Im Buch ist zudem ein hilfreicher Theorieteil enthalten.<\/p>\n","protected":false},"featured_media":19173,"comment_status":"open","ping_status":"closed","template":"","meta":{"_acf_changed":false},"product_brand":[],"product_cat":[88],"product_tag":[],"class_list":{"0":"post-3605","1":"product","2":"type-product","3":"status-publish","4":"has-post-thumbnail","6":"product_cat-buecher","8":"first","9":"instock","10":"taxable","11":"shipping-taxable","12":"purchasable","13":"product-type-simple"},"acf":[],"_links":{"self":[{"href":"https:\/\/rezepte-glutenfrei.de\/shop\/wp-json\/wp\/v2\/product\/3605","targetHints":{"allow":["GET"]}}],"collection":[{"href":"https:\/\/rezepte-glutenfrei.de\/shop\/wp-json\/wp\/v2\/product"}],"about":[{"href":"https:\/\/rezepte-glutenfrei.de\/shop\/wp-json\/wp\/v2\/types\/product"}],"replies":[{"embeddable":true,"href":"https:\/\/rezepte-glutenfrei.de\/shop\/wp-json\/wp\/v2\/comments?post=3605"}],"wp:featuredmedia":[{"embeddable":true,"href":"https:\/\/rezepte-glutenfrei.de\/shop\/wp-json\/wp\/v2\/media\/19173"}],"wp:attachment":[{"href":"https:\/\/rezepte-glutenfrei.de\/shop\/wp-json\/wp\/v2\/media?parent=3605"}],"wp:term":[{"taxonomy":"product_brand","embeddable":true,"href":"https:\/\/rezepte-glutenfrei.de\/shop\/wp-json\/wp\/v2\/product_brand?post=3605"},{"taxonomy":"product_cat","embeddable":true,"href":"https:\/\/rezepte-glutenfrei.de\/shop\/wp-json\/wp\/v2\/product_cat?post=3605"},{"taxonomy":"product_tag","embeddable":true,"href":"https:\/\/rezepte-glutenfrei.de\/shop\/wp-json\/wp\/v2\/product_tag?post=3605"}],"curies":[{"name":"wp","href":"https:\/\/api.w.org\/{rel}","templated":true}]}}