{"id":13441,"date":"2024-03-21T08:39:38","date_gmt":"2024-03-21T08:39:38","guid":{"rendered":"https:\/\/rezepte-glutenfrei.de\/shop\/?post_type=product&#038;p=13441"},"modified":"2026-05-02T08:10:53","modified_gmt":"2026-05-02T08:10:53","slug":"glutenfreie-brotbackmischung-haferbrot-400g-tanjas-glutenfrei","status":"publish","type":"product","link":"https:\/\/rezepte-glutenfrei.de\/shop\/product\/glutenfreie-brotbackmischung-haferbrot-400g-tanjas-glutenfrei\/","title":{"rendered":"Glutenfreie Brotbackmischung HAFERBROT 400g &#8211; Tanjas glutenfrei"},"content":{"rendered":"<p><strong>Meine liebste Backmischung &#8211; HAFERBROT von <em>Tanjas glutenfrei<\/em>, glutenfrei &amp; vegan<\/strong><\/p>\n<p><strong>Lieferumfang: 1 x 400g Backmischung HAFERBROT von Tanjas glutenfrei<\/strong><\/p>\n<p>Sie m\u00f6chten schnell und einfach ein mildes, schmackhaftes und mischbrot-\u00e4hnliches Brot zubereiten? Dann wird Sie diese Mischung \u00fcberzeugen! Das Brot aus der unkomplizierten Backmischung \u00fcberzeugt durch den feinen Geschmack und Textur und das fertige Brot steht glutenhaltigem Mischbrot in Nichts nach!<\/p>\n<p><b>Die Zubereitung gelingt im Nu und nach wenigen Minuten kommt der Teigling sogleich in den kalten Backofen. Gebacken in einem Topf (<a href=\"https:\/\/www.rezepte-glutenfrei.de\/brot-aus-dem-topf\/\" target=\"_blank\" rel=\"noopener\">HIER<\/a> gibt`s Tipps zum Gef\u00e4\u00df) kommt nach der Backzeit das Brot zum Vorschein, welches optisch \u00fcberzeugt und zudem mit herrlich krosser Kruste!<\/b><\/p>\n<p>Die Backmischung ist frei von Mais, glutenfreier Weizenst\u00e4rke, Soja und Lupine &#8211; zudem frei von Milchbestandteilen und vegan. F\u00fcr einen tollen Ballaststoffanteil sorgen Reisvollkornmehl, Flohsamenschalenpulver und Xanthan in der Mischung. Salz und Zucker ist der Mischung bewusst nicht zugegeben, denn Sie k\u00f6nnen selbst entscheiden, welches Produkt Sie diesbez\u00fcglich nutzen m\u00f6chten Das Brot gelingt \u00fcbrigens perfekt OHNE HEFE und das Rezept dazu ist auf der Verpackungsr\u00fcckseite notiert.<\/p>\n<p><strong>Zutaten der Backmischung:<\/strong> Glutenfreies <strong>Hafer<\/strong>mehl, Kartoffelst\u00e4rke, Tapiokast\u00e4rke, Reismehl, Reisvollkornmehl, Kastanienmehl, Reissauerteig, Flohsamenschalenpulver, Verdickungsmittel: Xanthan<br \/>\nEine Packung mit 400g Backmischung ergibt <strong>ein Brot von etwa 700g<\/strong><\/p>\n<p><strong>Tanjas Tipp zur Aufbewahrung: <\/strong>Das Brot bleibt \u00fcber Tage hinweg weich und saftig. So kann das ausgek\u00fchlte Brot im Gefrierbeutel oder einer Kunststoffbox im K\u00fchlschrank gelagert werden. Wer krosse Brotscheiben m\u00f6chte, die Scheiben vor dem Verzehr kurz in den Toaster geben. Alternativ kann das Brot sehr gut eingefroren werden. Das komplett ausgek\u00fchlte Brot in Scheiben schneiden und einfrieren. Bei Bedarf die gefrorenen Scheiben direkt im Toaster aufbacken und die frischen Brotscheiben genie\u00dfen.<\/p>\n<p><b>F\u00fcr weitere Angaben gem. der\u00a0<a href=\"https:\/\/www.lebensmittelverband.de\/de\/lebensmittel\/kennzeichnung\/lebensmittelinformationsverordnung\" target=\"_blank\" rel=\"noopener\">Lebensmittel-Informationsverordnung (LMIV) <\/a>klicken Sie bitte auf die Bilder:<\/b><\/p>\n<p>&nbsp;<\/p>\n<p><a href=\"https:\/\/rezepte-glutenfrei.de\/shop\/wp-content\/uploads\/2024\/03\/Haferbrot-Verpackung-.jpg\"><img loading=\"lazy\" decoding=\"async\" class=\"alignnone wp-image-13446 size-medium\" src=\"https:\/\/rezepte-glutenfrei.de\/shop\/wp-content\/uploads\/2024\/03\/Haferbrot-Verpackung--206x272.jpg\" alt=\"\" width=\"206\" height=\"272\" \/><\/a><\/p>\n<p>Information zur Produktlagerung: Bitte k\u00fchl und trocken lagern.<br \/>\n<i>Verantwortlicher Lebensmittelunternehmer:<\/i> Tanja Gruber, Am Weinberg 7, 91567 Herrieden, Deutschland<\/p>\n","protected":false},"excerpt":{"rendered":"<p>Meine liebste Backmischung &#8211; HAFERBROT von Tanjas glutenfrei, glutenfrei &amp; vegan Lieferumfang: 1 x 400g Backmischung HAFERBROT von Tanjas glutenfrei Sie m\u00f6chten schnell und einfach ein mildes, schmackhaftes und mischbrot-\u00e4hnliches Brot zubereiten? Dann wird Sie diese Mischung \u00fcberzeugen! Das Brot aus der unkomplizierten Backmischung \u00fcberzeugt durch den feinen Geschmack und Textur und das fertige Brot &hellip; <a href=\"https:\/\/rezepte-glutenfrei.de\/shop\/product\/glutenfreie-brotbackmischung-haferbrot-400g-tanjas-glutenfrei\/\" class=\"more-link\">Continue reading <span class=\"screen-reader-text\">Glutenfreie Brotbackmischung HAFERBROT 400g &#8211; Tanjas glutenfrei<\/span><\/a><\/p>\n","protected":false},"featured_media":13445,"comment_status":"open","ping_status":"closed","template":"","meta":{"_acf_changed":false},"product_brand":[],"product_cat":[119],"product_tag":[],"class_list":{"0":"post-13441","1":"product","2":"type-product","3":"status-publish","4":"has-post-thumbnail","6":"product_cat-backmischungen","8":"first","9":"outofstock","10":"taxable","11":"shipping-taxable","12":"purchasable","13":"product-type-simple"},"acf":[],"_links":{"self":[{"href":"https:\/\/rezepte-glutenfrei.de\/shop\/wp-json\/wp\/v2\/product\/13441","targetHints":{"allow":["GET"]}}],"collection":[{"href":"https:\/\/rezepte-glutenfrei.de\/shop\/wp-json\/wp\/v2\/product"}],"about":[{"href":"https:\/\/rezepte-glutenfrei.de\/shop\/wp-json\/wp\/v2\/types\/product"}],"replies":[{"embeddable":true,"href":"https:\/\/rezepte-glutenfrei.de\/shop\/wp-json\/wp\/v2\/comments?post=13441"}],"wp:featuredmedia":[{"embeddable":true,"href":"https:\/\/rezepte-glutenfrei.de\/shop\/wp-json\/wp\/v2\/media\/13445"}],"wp:attachment":[{"href":"https:\/\/rezepte-glutenfrei.de\/shop\/wp-json\/wp\/v2\/media?parent=13441"}],"wp:term":[{"taxonomy":"product_brand","embeddable":true,"href":"https:\/\/rezepte-glutenfrei.de\/shop\/wp-json\/wp\/v2\/product_brand?post=13441"},{"taxonomy":"product_cat","embeddable":true,"href":"https:\/\/rezepte-glutenfrei.de\/shop\/wp-json\/wp\/v2\/product_cat?post=13441"},{"taxonomy":"product_tag","embeddable":true,"href":"https:\/\/rezepte-glutenfrei.de\/shop\/wp-json\/wp\/v2\/product_tag?post=13441"}],"curies":[{"name":"wp","href":"https:\/\/api.w.org\/{rel}","templated":true}]}}