{"id":3558,"date":"2021-04-02T17:28:50","date_gmt":"2021-04-02T17:28:50","guid":{"rendered":"https:\/\/rezepte-glutenfrei.de\/shop\/?page_id=3558"},"modified":"2024-11-13T03:14:57","modified_gmt":"2024-11-13T03:14:57","slug":"impressum","status":"publish","type":"page","link":"https:\/\/rezepte-glutenfrei.de\/shop\/impressum\/","title":{"rendered":"Impressum"},"content":{"rendered":"<p><strong>Impressum<\/strong><\/p>\n<p>Gesetzliche Anbieterkennung:<\/p>\n<p><strong>Tanja Gruber<br \/>\nTanjas glutenfrei<br \/>\nAm Weinberg 7<br \/>\n91567 Herrieden<br \/>\nDeutschland<br \/>\nTelefon: +4998254763<br \/>\nE-Mail: <\/strong><a href=\"mailto:info@rezepte-glutenfrei.de\" target=\"_blank\" rel=\"noopener\">info@rezepte-glutenfrei.de<\/a><\/p>\n<p>USt-IdNr.: DE266594708<\/p>\n<p><strong>Alternative Streitbeilegung:<\/strong><br \/>\nDie Europ\u00e4ische Kommission stellt eine Plattform f\u00fcr die au\u00dfergerichtliche Online-Streitbeilegung (OS-Plattform) bereit, aufrufbar unter\u00a0<a href=\"https:\/\/ec.europa.eu\/consumers\/odr\" target=\"_blank\" rel=\"noopener\">https:\/\/ec.europa.eu\/odr<\/a>.<\/p>\n","protected":false},"excerpt":{"rendered":"<p>Impressum Gesetzliche Anbieterkennung: Tanja Gruber Tanjas glutenfrei Am Weinberg 7 91567 Herrieden Deutschland Telefon: +4998254763 E-Mail: info@rezepte-glutenfrei.de USt-IdNr.: DE266594708 Alternative Streitbeilegung: Die Europ\u00e4ische Kommission stellt eine Plattform f\u00fcr die au\u00dfergerichtliche Online-Streitbeilegung (OS-Plattform) bereit, aufrufbar unter\u00a0https:\/\/ec.europa.eu\/odr.<\/p>\n","protected":false},"author":1,"featured_media":0,"parent":0,"menu_order":0,"comment_status":"closed","ping_status":"closed","template":"","meta":{"_acf_changed":false,"footnotes":""},"class_list":["post-3558","page","type-page","status-publish","hentry"],"acf":[],"_links":{"self":[{"href":"https:\/\/rezepte-glutenfrei.de\/shop\/wp-json\/wp\/v2\/pages\/3558","targetHints":{"allow":["GET"]}}],"collection":[{"href":"https:\/\/rezepte-glutenfrei.de\/shop\/wp-json\/wp\/v2\/pages"}],"about":[{"href":"https:\/\/rezepte-glutenfrei.de\/shop\/wp-json\/wp\/v2\/types\/page"}],"author":[{"embeddable":true,"href":"https:\/\/rezepte-glutenfrei.de\/shop\/wp-json\/wp\/v2\/users\/1"}],"replies":[{"embeddable":true,"href":"https:\/\/rezepte-glutenfrei.de\/shop\/wp-json\/wp\/v2\/comments?post=3558"}],"version-history":[{"count":8,"href":"https:\/\/rezepte-glutenfrei.de\/shop\/wp-json\/wp\/v2\/pages\/3558\/revisions"}],"predecessor-version":[{"id":17314,"href":"https:\/\/rezepte-glutenfrei.de\/shop\/wp-json\/wp\/v2\/pages\/3558\/revisions\/17314"}],"wp:attachment":[{"href":"https:\/\/rezepte-glutenfrei.de\/shop\/wp-json\/wp\/v2\/media?parent=3558"}],"curies":[{"name":"wp","href":"https:\/\/api.w.org\/{rel}","templated":true}]}}